{"id":14705,"date":"2019-03-27T00:10:55","date_gmt":"2019-03-27T00:10:55","guid":{"rendered":"https:\/\/www.mikroelektronika.net\/?page_id=14705"},"modified":"2019-04-18T19:05:09","modified_gmt":"2019-04-18T19:05:09","slug":"fiskalizacija-mek20","status":"publish","type":"page","link":"https:\/\/www.mikroelektronika.net\/en\/fiskalizacija-mek20\/","title":{"rendered":"Fiskalna kasa-printer ME K20"},"content":{"rendered":"<div class=\"wpb-content-wrapper\"><p>[vc_row][vc_column][vc_empty_space height=&#8221;90px&#8221;][vc_row_inner][vc_column_inner width=&#8221;1\/6&#8243;][\/vc_column_inner][vc_column_inner width=&#8221;2\/3&#8243;][vc_column_text]<\/p>\n<h1>Fiskalna kasa-printer ME K20<\/h1>\n<p>[\/vc_column_text][vc_column_text]Novi, moderan dizajn, kreiran da zadovolji potrebe za brzim i pouzdanim radom, pri \u010demu integrisani GPRS terminal garantuje da ovaj ure\u0111aj zauzima minimalan prostor. Displej za operatora i kupca.<\/p>\n<p>ME K20 je intuitivno rje\u0161enje koje revolucionarno pojednostavljenim kretanjem kroz menije, olak\u0161ava rad sa fiskalnim ure\u0111ajem.<\/p>\n<p><strong>Odnosom cijene i kvaliteta, ME K20 se pozicionirao kao najpovoljniji fiskalni sistem na tr\u017ei\u0161tu.<\/strong><\/p>\n<p>ME K20 je sertifikovan da radi kao fiskalna kasa ili kasa-printer i dostupan je u bijeloj i crnoj boji.[\/vc_column_text]<div id='ins-button-69f378891ca6b' class='ins-button-wrapper text-left 40px  '><a class='ins-button title-font letter-spacing-1 text-white pc-border pc-bg btn-square font-weight-400 btn-medium text-uppercase ' href='http:\/\/www.mikroelektronika.net\/rt-\/images\/stories\/mikroelektronika\/download\/SetupFlinkME-B190211.zip'  target='_self'><span>Posljednja verzija F-Linka za Br\u010dko<\/span><i class='ins-button-icon fa fa-download'><\/i><\/a><\/div><script type=\"text\/javascript\">\n\t\t(function(jQuery) {jQuery(\"head\").append(\"<style>#ins-button-69f378891ca6b .ins-button {color: #212121;}#ins-button-69f378891ca6b .ins-button:hover {color: #ffffff;}#ins-button-69f378891ca6b .ins-button {background-color: #f2f2f2;}#ins-button-69f378891ca6b .ins-button:hover {background-color: #212121;}#ins-button-69f378891ca6b .ins-button {border-color: #f5f5f5;}#ins-button-69f378891ca6b .ins-button:hover {border-color: #f5f5f5;}#ins-button-69f378891ca6b.ins-button-wrapper {margin-top: 40px;}<\/style>\")\n\t\t\t\t\t})(jQuery);\n\t\t\t\t\t\t<\/script>[vc_empty_space height=&#8221;20px&#8221;][\/vc_column_inner][vc_column_inner width=&#8221;1\/6&#8243;][\/vc_column_inner][\/vc_row_inner][vc_empty_space height=&#8221;30px&#8221;][\/vc_column][\/vc_row][vc_row full_width=&#8221;stretch_row_content_no_spaces&#8221;][vc_column][vc_row_inner equal_height=&#8221;yes&#8221;][vc_column_inner width=&#8221;1\/2&#8243; css=&#8221;.vc_custom_1553645379432{background-image: url(https:\/\/www.mikroelektronika.net\/wp-content\/uploads\/2019\/03\/mek20.jpg?id=14674) !important;background-position: center !important;background-repeat: no-repeat !important;background-size: cover !important;}&#8221;][vc_empty_space height=&#8221;300px&#8221;][\/vc_column_inner][vc_column_inner width=&#8221;1\/2&#8243; css=&#8221;.vc_custom_1553647245203{padding-top: 20% !important;padding-right: 15% !important;padding-bottom: 20% !important;padding-left: 15% !important;background-color: #f2f2f2 !important;}&#8221;][vc_icon icon_fontawesome=&#8221;fa fa-exclamation-circle&#8221; color=&#8221;juicy_pink&#8221; size=&#8221;xl&#8221; align=&#8221;center&#8221;][vc_column_text]<\/p>\n<h2 style=\"text-align: center;\">Najni\u017ea cijena na tr\u017ei\u0161tu!<\/h2>\n<p>[\/vc_column_text][vc_column_text]<\/p>\n<h2 style=\"text-align: center;\">Pozovite 051 389 070 i poru\u010dite!<\/h2>\n<p>[\/vc_column_text][\/vc_column_inner][\/vc_row_inner][\/vc_column][\/vc_row][vc_row][vc_column][vc_empty_space height=&#8221;70px&#8221;][\/vc_column][vc_column width=&#8221;1\/2&#8243;][vc_column_text]<\/p>\n<h5 style=\"text-align: right;\">Tehni\u010dke karakteristike<\/h5>\n<p>[\/vc_column_text][\/vc_column][vc_column width=&#8221;1\/2&#8243;][vc_column_text]napon napajanja 9V DC &#8211; (adapter 220 AC)<br \/>\nrobusno plasti\u010dno ku\u0107i\u0161te[\/vc_column_text][\/vc_column][\/vc_row][vc_row][vc_column width=&#8221;1\/2&#8243;][vc_column_text]<\/p>\n<h5 style=\"text-align: right;\">Glavne karakteristike<\/h5>\n<p>[\/vc_column_text][\/vc_column][vc_column width=&#8221;1\/2&#8243;][vc_column_text]32 bit-ni procesor<br \/>\n12000 artikala<br \/>\ndo 32 karaktera u nazivu artikla<br \/>\n1950 dnevnih izvje\u0161taja<br \/>\ncijena artikala u formatu 7+2 cifre<br \/>\nmaksimalna vrijednost po ra\u010dunu 11+2 cifre<br \/>\nPLU bar (EAN 8, EAN 13, EAN 14)<br \/>\nElektronski \u017eurnal kapaciteta 1G (opciono 8GB)[\/vc_column_text][\/vc_column][\/vc_row][vc_row][vc_column width=&#8221;1\/2&#8243;][vc_column_text]<\/p>\n<h5 style=\"text-align: right;\">Termalni printer<\/h5>\n<p>[\/vc_column_text][\/vc_column][vc_column width=&#8221;1\/2&#8243;][vc_column_text]linijski, rezolucija \u0161tampe 203 dpi<br \/>\nbrzina \u0161tampanja 25 redova u sekundi (50 mm\/s)<br \/>\n\u0161irina traka 28 + 28 mm<br \/>\nlaka zamjena trake<br \/>\nbroj karaktera po liniji 18[\/vc_column_text][\/vc_column][\/vc_row][vc_row][vc_column width=&#8221;1\/2&#8243;][vc_column_text]<\/p>\n<h5 style=\"text-align: right;\">Interfejsi<\/h5>\n<p>[\/vc_column_text][\/vc_column][vc_column width=&#8221;1\/2&#8243;][vc_column_text]displej za kupca interni, 2 x 16 karaktera, plavi LCD<br \/>\nsa bijelim pozadinskim osvjetljenjem<br \/>\ndisplej za prodavca interni, 2 x 16 karaktera, plavi LCD<br \/>\nsa bijelim pozadinskim osvjetljenjem<br \/>\n2 x RS232 port (9600 \u2013 230400 b\/s)<br \/>\nkonektor za ladicu<br \/>\nkonektor za napajanje[\/vc_column_text][\/vc_column][\/vc_row][vc_row][vc_column width=&#8221;1\/2&#8243;][vc_column_text]<\/p>\n<h5 style=\"text-align: right;\">GPRS modem<\/h5>\n<p>[\/vc_column_text][\/vc_column][vc_column width=&#8221;1\/2&#8243;][vc_column_text]integrisan[\/vc_column_text][\/vc_column][\/vc_row]<\/p>\n<\/div>","protected":false},"excerpt":{"rendered":"<p>[vc_row][vc_column][vc_empty_space height=&#8221;90px&#8221;][vc_row_inner][vc_column_inner width=&#8221;1\/6&#8243;][\/vc_column_inner][vc_column_inner width=&#8221;2\/3&#8243;][vc_column_text] Fiskalna kasa-printer ME K20 [\/vc_column_text][vc_column_text]Novi, moderan dizajn, kreiran da zadovolji potrebe za brzim i pouzdanim radom, pri \u010demu integrisani GPRS terminal garantuje da ovaj ure\u0111aj zauzima [&hellip;]<\/p>\n","protected":false},"author":1,"featured_media":0,"parent":0,"menu_order":0,"comment_status":"closed","ping_status":"closed","template":"no-footer.php","meta":[],"_links":{"self":[{"href":"https:\/\/www.mikroelektronika.net\/en\/wp-json\/wp\/v2\/pages\/14705"}],"collection":[{"href":"https:\/\/www.mikroelektronika.net\/en\/wp-json\/wp\/v2\/pages"}],"about":[{"href":"https:\/\/www.mikroelektronika.net\/en\/wp-json\/wp\/v2\/types\/page"}],"author":[{"embeddable":true,"href":"https:\/\/www.mikroelektronika.net\/en\/wp-json\/wp\/v2\/users\/1"}],"replies":[{"embeddable":true,"href":"https:\/\/www.mikroelektronika.net\/en\/wp-json\/wp\/v2\/comments?post=14705"}],"version-history":[{"count":17,"href":"https:\/\/www.mikroelektronika.net\/en\/wp-json\/wp\/v2\/pages\/14705\/revisions"}],"predecessor-version":[{"id":14795,"href":"https:\/\/www.mikroelektronika.net\/en\/wp-json\/wp\/v2\/pages\/14705\/revisions\/14795"}],"wp:attachment":[{"href":"https:\/\/www.mikroelektronika.net\/en\/wp-json\/wp\/v2\/media?parent=14705"}],"curies":[{"name":"wp","href":"https:\/\/api.w.org\/{rel}","templated":true}]}}