{"id":14723,"date":"2019-03-27T01:02:54","date_gmt":"2019-03-27T01:02:54","guid":{"rendered":"https:\/\/www.mikroelektronika.net\/?page_id=14723"},"modified":"2019-04-18T19:06:21","modified_gmt":"2019-04-18T19:06:21","slug":"fiskalizacija-mep1000","status":"publish","type":"page","link":"https:\/\/www.mikroelektronika.net\/en\/fiskalizacija-mep1000\/","title":{"rendered":"Fiskalni printer ME P1000"},"content":{"rendered":"<div class=\"wpb-content-wrapper\"><p>[vc_row][vc_column][vc_empty_space height=&#8221;90px&#8221;][vc_row_inner][vc_column_inner width=&#8221;1\/6&#8243;][\/vc_column_inner][vc_column_inner width=&#8221;2\/3&#8243;][vc_column_text]<\/p>\n<h1>Fiskalni printer ME P1000<\/h1>\n<p>[\/vc_column_text][vc_column_text]Savremeni fiskalni sistem. Integrisano sve-u-jednom rje\u0161enje, razvijeno na visokim tehnologijama, najnovijoj generaciji brzih procesora i upakovano u funkcionalan dizajn kreiran tako da maksimalno pojednostavi upotrebu.<\/p>\n<p>Pored standardnog displeja za kupca, jednostavnom manipulacijom, ure\u0111aj je mogu\u0107e pro\u0161iriti dodatnim spoljnim displejem.<\/p>\n<p><strong>Integrisani GPRS modul omogu\u0107ava daljinsku administraciju, o\u010ditavanje i a\u017euriranje baze podataka, slanje izve\u0161taja Poreskoj Upravi, pra\u0107enje protoka novca itd.<\/strong><\/p>\n<p>Dostupan u bijeloj i crnoj boji.[\/vc_column_text]<div id='ins-button-69d6136be824d' class='ins-button-wrapper text-left 40px  '><a class='ins-button title-font letter-spacing-1 text-white pc-border pc-bg btn-square font-weight-400 btn-medium text-uppercase ' href='http:\/\/www.mikroelektronika.net\/rt-\/images\/stories\/mikroelektronika\/download\/SetupFlinkME-B190211.zip'  target='_self'><span>Posljednja verzija F-Linka za Br\u010dko<\/span><i class='ins-button-icon fa fa-download'><\/i><\/a><\/div><script type=\"text\/javascript\">\n\t\t(function(jQuery) {jQuery(\"head\").append(\"<style>#ins-button-69d6136be824d .ins-button {color: #212121;}#ins-button-69d6136be824d .ins-button:hover {color: #ffffff;}#ins-button-69d6136be824d .ins-button {background-color: #f2f2f2;}#ins-button-69d6136be824d .ins-button:hover {background-color: #212121;}#ins-button-69d6136be824d .ins-button {border-color: #f5f5f5;}#ins-button-69d6136be824d .ins-button:hover {border-color: #f5f5f5;}#ins-button-69d6136be824d.ins-button-wrapper {margin-top: 40px;}<\/style>\")\n\t\t\t\t\t})(jQuery);\n\t\t\t\t\t\t<\/script>[vc_empty_space height=&#8221;20px&#8221;][\/vc_column_inner][vc_column_inner width=&#8221;1\/6&#8243;][\/vc_column_inner][\/vc_row_inner][vc_empty_space height=&#8221;30px&#8221;][\/vc_column][\/vc_row][vc_row full_width=&#8221;stretch_row_content_no_spaces&#8221;][vc_column][vc_row_inner equal_height=&#8221;yes&#8221;][vc_column_inner width=&#8221;1\/2&#8243; css=&#8221;.vc_custom_1553648363240{background-image: url(https:\/\/www.mikroelektronika.net\/wp-content\/uploads\/2019\/03\/mep1000.jpg?id=14675) !important;background-position: center !important;background-repeat: no-repeat !important;background-size: cover !important;}&#8221;][vc_empty_space height=&#8221;300px&#8221;][\/vc_column_inner][vc_column_inner width=&#8221;1\/2&#8243; css=&#8221;.vc_custom_1553647245203{padding-top: 20% !important;padding-right: 15% !important;padding-bottom: 20% !important;padding-left: 15% !important;background-color: #f2f2f2 !important;}&#8221;][vc_icon icon_fontawesome=&#8221;fa fa-check-circle&#8221; color=&#8221;green&#8221; size=&#8221;xl&#8221; align=&#8221;center&#8221;][vc_column_text]<\/p>\n<h2 style=\"text-align: center;\">Najve\u0107i broj artikala i kompatibilnost!<\/h2>\n<p>[\/vc_column_text][vc_column_text]<\/p>\n<h2 style=\"text-align: center;\">Pozovite 051 389 070 i poru\u010dite!<\/h2>\n<p>[\/vc_column_text][\/vc_column_inner][\/vc_row_inner][\/vc_column][\/vc_row][vc_row][vc_column][vc_empty_space height=&#8221;70px&#8221;][\/vc_column][vc_column width=&#8221;1\/2&#8243;][vc_column_text]<\/p>\n<h5 style=\"text-align: right;\">Tehni\u010dke karakteristike<\/h5>\n<p>[\/vc_column_text][\/vc_column][vc_column width=&#8221;1\/2&#8243;][vc_column_text]napon napajanja 24V DC &#8211; (adapter 220 AC)<br \/>\nrobusno plasti\u010dno ku\u0107i\u0161te<br \/>\ndimenzije (\u0160 x D x V) 115 x 325 x 115mm[\/vc_column_text][\/vc_column][\/vc_row][vc_row][vc_column width=&#8221;1\/2&#8243;][vc_column_text]<\/p>\n<h5 style=\"text-align: right;\">Glavne karakteristike<\/h5>\n<p>[\/vc_column_text][\/vc_column][vc_column width=&#8221;1\/2&#8243;][vc_column_text]32 bit-ni procesor<br \/>\n120000 artikala<br \/>\ndo 32 karaktera u nazivu artikla<br \/>\n2000 dnevnih izvje\u0161taja<br \/>\ncijena artikala u formatu 8+2 cifre<br \/>\nmaksimalna vrijednost po ra\u010dunu 11+2 cifre<br \/>\ndo 400 stavki (artikala) po ra\u010dunu<br \/>\ninterni kodovi[\/vc_column_text][\/vc_column][\/vc_row][vc_row][vc_column width=&#8221;1\/2&#8243;][vc_column_text]<\/p>\n<h5 style=\"text-align: right;\">Termalni printer<\/h5>\n<p>[\/vc_column_text][\/vc_column][vc_column width=&#8221;1\/2&#8243;][vc_column_text]rezolucija \u0161tampe 203 dpi<br \/>\nbrzina \u0161tampanja (60 mm\/s)<br \/>\n\u0161irina traka 56 + 56 mm<br \/>\nspoljni pre\u010dnik rolne max 60 mm<br \/>\nbroj karaktera po liniji 32[\/vc_column_text][\/vc_column][\/vc_row][vc_row][vc_column width=&#8221;1\/2&#8243;][vc_column_text]<\/p>\n<h5 style=\"text-align: right;\">Interfejsi<\/h5>\n<p>[\/vc_column_text][\/vc_column][vc_column width=&#8221;1\/2&#8243;][vc_column_text]displej za kupca interni, 16 x 2 karaktera, LCD,<br \/>\nsa plavim pozadinskim osvjetljenjem<br \/>\ndisplej za kupca eksterni (opciono)<br \/>\n2 x RS232 port (9600 \u2013 460800 b\/s)<br \/>\nkonektor za fioku[\/vc_column_text][\/vc_column][\/vc_row][vc_row][vc_column width=&#8221;1\/2&#8243;][vc_column_text]<\/p>\n<h5 style=\"text-align: right;\">GPRS modem<\/h5>\n<p>[\/vc_column_text][\/vc_column][vc_column width=&#8221;1\/2&#8243;][vc_column_text]integrisan<br \/>\nautomatska sinhronizacija sa serverom Poreske Uprave[\/vc_column_text][\/vc_column][\/vc_row][vc_row][vc_column width=&#8221;1\/2&#8243;][vc_column_text]<\/p>\n<h5 style=\"text-align: right;\">Reklamne slike i poruke<\/h5>\n<p>[\/vc_column_text][\/vc_column][vc_column width=&#8221;1\/2&#8243;][vc_column_text]mogu\u0107nost definisanja logoa<br \/>\nmogu\u0107nost definisanja zaglavlja<br \/>\nmogu\u0107nost definisanja reklama[\/vc_column_text][\/vc_column][\/vc_row]<\/p>\n<\/div>","protected":false},"excerpt":{"rendered":"<p>[vc_row][vc_column][vc_empty_space height=&#8221;90px&#8221;][vc_row_inner][vc_column_inner width=&#8221;1\/6&#8243;][\/vc_column_inner][vc_column_inner width=&#8221;2\/3&#8243;][vc_column_text] Fiskalni printer ME P1000 [\/vc_column_text][vc_column_text]Savremeni fiskalni sistem. Integrisano sve-u-jednom rje\u0161enje, razvijeno na visokim tehnologijama, najnovijoj generaciji brzih procesora i upakovano u funkcionalan dizajn kreiran tako da [&hellip;]<\/p>\n","protected":false},"author":1,"featured_media":0,"parent":0,"menu_order":0,"comment_status":"closed","ping_status":"closed","template":"no-footer.php","meta":[],"_links":{"self":[{"href":"https:\/\/www.mikroelektronika.net\/en\/wp-json\/wp\/v2\/pages\/14723"}],"collection":[{"href":"https:\/\/www.mikroelektronika.net\/en\/wp-json\/wp\/v2\/pages"}],"about":[{"href":"https:\/\/www.mikroelektronika.net\/en\/wp-json\/wp\/v2\/types\/page"}],"author":[{"embeddable":true,"href":"https:\/\/www.mikroelektronika.net\/en\/wp-json\/wp\/v2\/users\/1"}],"replies":[{"embeddable":true,"href":"https:\/\/www.mikroelektronika.net\/en\/wp-json\/wp\/v2\/comments?post=14723"}],"version-history":[{"count":5,"href":"https:\/\/www.mikroelektronika.net\/en\/wp-json\/wp\/v2\/pages\/14723\/revisions"}],"predecessor-version":[{"id":14796,"href":"https:\/\/www.mikroelektronika.net\/en\/wp-json\/wp\/v2\/pages\/14723\/revisions\/14796"}],"wp:attachment":[{"href":"https:\/\/www.mikroelektronika.net\/en\/wp-json\/wp\/v2\/media?parent=14723"}],"curies":[{"name":"wp","href":"https:\/\/api.w.org\/{rel}","templated":true}]}}