{"id":15009,"date":"2020-07-15T00:25:33","date_gmt":"2020-07-14T22:25:33","guid":{"rendered":"https:\/\/www.mikroelektronika.net\/about-us\/"},"modified":"2023-07-26T12:36:07","modified_gmt":"2023-07-26T10:36:07","slug":"o-nama","status":"publish","type":"page","link":"https:\/\/www.mikroelektronika.net\/sr\/o-nama\/","title":{"rendered":"O nama"},"content":{"rendered":"<div class=\"wpb-content-wrapper\"><p>[vc_row][vc_column][vc_empty_space height=&#8221;90px&#8221;][vc_column_text]<\/p>\n<h2 style=\"text-align: center;\">O kompaniji MIKROELEKTRONIKA<\/h2>\n<p style=\"text-align: center;\"><a href=\"#reffilm\">Pogledajte korporativni film<\/a><\/p>\n<p>Mikroelektronika A.D. nastala je na temeljima jedne od najve\u0107ih i najmodernijih kompanija u jugoisto\u010dnoj Evropi.<\/p>\n<p>Transformi\u0161u\u0107i se iz podru\u010dja vojne industrije, u kojoj je razvojna funkcija bila dominantna, a kvalitet i pouzdanost proizvoda presudni, u komercijalnu industriju, Mikroelektronika A.D. postala je lider na komercijalnom tr\u017ei\u0161tu kao proizvo\u0111a\u010d orijentisan pra\u0107enju i ispunjenju zahtijeva krajnjeg korisnika, nude\u0107i mu ne samo proizvode ve\u0107 i sistemska rje\u0161enja u skladu sa njegovim potrebama, a na bazi i dalje izuzetno jakog razvojnog potencijala i definisane politike upravljanja kvalitetom.<\/p>\n<p>U skladu sa op\u0161tim trendom brzog napretka dru\u0161tva i tehnologije, Mikroelektronika A.D. razvila je novu poslovnu filozofiju koju je implementirala u sve segmente svog poslovanja. Novi proizvodi postaju kompleksni, vi\u0161enamjenski ure\u0111aji i sistemi, koji na vi\u0161e nivoa zadovoljavaju sve postoje\u0107e potrebe svojih korisnika, a istovremeno kreiraju i nove potrebe i trendove.<\/p>\n<p>Mikroelektronika A.D. danas nudi novu generaciju proizvoda za kontrolu i upravljanje potro\u0161njom elektri\u010dne energije i prate\u0107ih softverskih re\u0161enja koji se svojom funkcionalno\u0161\u0107u i kvalitetom pozicioniraju me\u0111u vode\u0107e proizvode na svjetskom tr\u017ei\u0161tu. Vrhunski kvalitet ure\u0111aja i usluga, preduze\u0107e Mikroelektronika A.D. garantuje svojim visokostru\u010dnim kadrovima, odli\u010dnom tehni\u010dkom opremljeno\u0161\u0107u, kao i dugogodi\u0161njim prisustvom na tr\u017ei\u0161tu.<\/p>\n<p>Mikroelektronika A.D. pored segmenta energetike sa izuzetnim uspehom proizvodi i plasira fiskalne sisteme i prate\u0107a rje\u0161enja za unapre\u0111enje poslovanja svih korisnika.<\/p>\n<p>Mi vam nudimo partnerstvo koje sa sobom nosi inovativne ideje i omogu\u0107ava da svoje poslovanje konstantno razvijate i unapre\u0111ujete.[\/vc_column_text][\/vc_column][\/vc_row][vc_row][vc_column width=&#8221;1\/2&#8243;][vc_btn title=&#8221;Misija i vizija&#8221; color=&#8221;danger&#8221; align=&#8221;center&#8221; i_icon_fontawesome=&#8221;fa fa-lightbulb-o&#8221; button_block=&#8221;true&#8221; add_icon=&#8221;true&#8221; link=&#8221;url:https%3A%2F%2Fwww.mikroelektronika.net%2Fsr%2Fmisija-i-vizija%2F|title:Misija%20i%20vizija||&#8221;][vc_row_inner][vc_column_inner][vc_btn title=&#8221;Uslovi poslovanja inspekcijskog tijela&#8221; color=&#8221;turquoise&#8221; align=&#8221;center&#8221; i_icon_fontawesome=&#8221;fa fa-file-text-o&#8221; button_block=&#8221;true&#8221; add_icon=&#8221;true&#8221; link=&#8221;url:https%3A%2F%2Fwww.mikroelektronika.net%2Fsr%2Fuslovi-poslovanja-inspekcijskog-tijela-eng%2F|title:Uslovi%20poslovanja%20inspekcijskog%20tijela||&#8221;][\/vc_column_inner][\/vc_row_inner][vc_row_inner][vc_column_inner][vc_btn title=&#8221;Uslovi poslovanja kalibracione laboratorije&#8221; color=&#8221;turquoise&#8221; align=&#8221;center&#8221; i_icon_fontawesome=&#8221;fa fa-file-text-o&#8221; button_block=&#8221;true&#8221; add_icon=&#8221;true&#8221; link=&#8221;url:https%3A%2F%2Fwww.mikroelektronika.net%2Fsr%2Fuslovi-poslovanja-kalibracione-laboratorije%2F|title:Uslovi%20poslovanja%20inspekcijskog%20tijela||&#8221;][\/vc_column_inner][\/vc_row_inner][vc_row_inner][vc_column_inner][vc_btn title=&#8221;Izjava o primjeni Eti\u010dkog kodeksa poslodavaca&#8221; color=&#8221;violet&#8221; align=&#8221;center&#8221; i_icon_fontawesome=&#8221;fa fa-file-text-o&#8221; button_block=&#8221;true&#8221; add_icon=&#8221;true&#8221; link=&#8221;url:https%3A%2F%2Fwww.mikroelektronika.net%2Fsr%2Fizjava-o-primjeni-etickog-kodeksa-poslodavaca%2F|title:izjava%20o%20primjeni%20Eti%C4%8Dkog%20kodeksa%20poslodavaca||&#8221;][\/vc_column_inner][\/vc_row_inner][\/vc_column][vc_column width=&#8221;1\/2&#8243;][vc_btn title=&#8221;Politika kvaliteta&#8221; color=&#8221;danger&#8221; align=&#8221;center&#8221; i_icon_fontawesome=&#8221;fa fa-handshake-o&#8221; button_block=&#8221;true&#8221; add_icon=&#8221;true&#8221; link=&#8221;url:https%3A%2F%2Fwww.mikroelektronika.net%2Fsr%2Fpolitika-kvaliteta%2F|title:Politika%20kvaliteta||&#8221;][vc_row_inner][vc_column_inner][vc_btn title=&#8221;Politika kvaliteta inspekcijskog tijela&#8221; color=&#8221;turquoise&#8221; align=&#8221;center&#8221; i_icon_fontawesome=&#8221;fa fa-user-circle&#8221; button_block=&#8221;true&#8221; add_icon=&#8221;true&#8221; link=&#8221;url:https%3A%2F%2Fwww.mikroelektronika.net%2Fsr%2Fpolitika-kvaliteta-inspekcijskog-tijela%2F|||&#8221;][\/vc_column_inner][\/vc_row_inner][vc_row_inner][vc_column_inner][vc_btn title=&#8221;Politika kvaliteta kalibracione laboratorije&#8221; color=&#8221;turquoise&#8221; align=&#8221;center&#8221; i_icon_fontawesome=&#8221;fa fa-user-circle&#8221; button_block=&#8221;true&#8221; add_icon=&#8221;true&#8221; link=&#8221;url:https%3A%2F%2Fwww.mikroelektronika.net%2Fsr%2Fpolitika-kvaliteta-kalibracione-laboratorije%2F|||&#8221;][\/vc_column_inner][\/vc_row_inner][\/vc_column]<\/p>\n<p>[vc_column el_id=&#8221;reffilm&#8221;][vc_empty_space height=&#8221;36px&#8221;][vc_column_text]<\/p>\n<h4 style=\"text-align: center;\"><strong>Korporativni film<\/strong><\/h4>\n<p>[\/vc_column_text][vc_video link=&#8221;https:\/\/www.youtube.com\/watch?v=Q9IIjfztpRI&#8221; align=&#8221;center&#8221;][\/vc_column][\/vc_row]<\/p>\n<\/div>","protected":false},"excerpt":{"rendered":"<p>[vc_row][vc_column][vc_empty_space height=&#8221;90px&#8221;][vc_column_text] O kompaniji MIKROELEKTRONIKA Pogledajte korporativni film Mikroelektronika A.D. nastala je na temeljima jedne od najve\u0107ih i najmodernijih kompanija u jugoisto\u010dnoj Evropi. Transformi\u0161u\u0107i se iz podru\u010dja vojne industrije, u [&hellip;]<\/p>\n","protected":false},"author":2,"featured_media":0,"parent":0,"menu_order":0,"comment_status":"closed","ping_status":"closed","template":"","meta":[],"_links":{"self":[{"href":"https:\/\/www.mikroelektronika.net\/sr\/wp-json\/wp\/v2\/pages\/15009"}],"collection":[{"href":"https:\/\/www.mikroelektronika.net\/sr\/wp-json\/wp\/v2\/pages"}],"about":[{"href":"https:\/\/www.mikroelektronika.net\/sr\/wp-json\/wp\/v2\/types\/page"}],"author":[{"embeddable":true,"href":"https:\/\/www.mikroelektronika.net\/sr\/wp-json\/wp\/v2\/users\/2"}],"replies":[{"embeddable":true,"href":"https:\/\/www.mikroelektronika.net\/sr\/wp-json\/wp\/v2\/comments?post=15009"}],"version-history":[{"count":19,"href":"https:\/\/www.mikroelektronika.net\/sr\/wp-json\/wp\/v2\/pages\/15009\/revisions"}],"predecessor-version":[{"id":15712,"href":"https:\/\/www.mikroelektronika.net\/sr\/wp-json\/wp\/v2\/pages\/15009\/revisions\/15712"}],"wp:attachment":[{"href":"https:\/\/www.mikroelektronika.net\/sr\/wp-json\/wp\/v2\/media?parent=15009"}],"curies":[{"name":"wp","href":"https:\/\/api.w.org\/{rel}","templated":true}]}}