{"id":15078,"date":"2020-07-15T00:54:58","date_gmt":"2020-07-14T22:54:58","guid":{"rendered":"https:\/\/www.mikroelektronika.net\/?page_id=15078"},"modified":"2021-10-11T15:08:39","modified_gmt":"2021-10-11T13:08:39","slug":"softverski-paketi-%ce%bcsys-%ce%bcmeter","status":"publish","type":"page","link":"https:\/\/www.mikroelektronika.net\/sr\/softverski-paketi-%ce%bcsys-%ce%bcmeter\/","title":{"rendered":"Softverski paketi \u03bcSys i \u03bcMeter"},"content":{"rendered":"<div class=\"wpb-content-wrapper\"><p>[vc_row][vc_column][vc_empty_space height=&#8221;90px&#8221;][vc_row_inner][vc_column_inner width=&#8221;4\/6&#8243;][vc_column_text]<\/p>\n<h1>Softverski paketi \u03bcSys i \u03bcMeter<\/h1>\n<p>[\/vc_column_text][vc_column_text]Softveri koje imamo u ponudi dizajnirani su da na jednostavan na\u010din omogu\u0107e korisniku da pristupi velikom broju informacija koja na\u0161a brojila prikupljaju o potro\u0161nji elektri\u010dne energije.<\/p>\n<p>Kao i na\u0161a brojila, softveri sadr\u017ee sve informacije koje predvi\u0111a DLMS protokol, kao i IDIS.<\/p>\n<p>\u03bcMeter je softverski alat za komunikaciju sa jednim brojilom i predvi\u0111en je za parameterizaciju brojila za potrebe distribucije, a mo\u017ee da pru\u017ei informacije o isporu\u010denoj elektri\u010dnoj energiji i korisniku koji ima potrebu i \u017eelju da se detaljnije upozna sa svojom potro\u0161njom, sa ciljem upravljanja i u\u0161tede.<\/p>\n<p>\u03bcSys je Head End rje\u0161enje, koje se koristi za prikupljanje i obradu podataka od ve\u0107e grupe brojila, kao i za parametrizaciju i upravljanje tom grupom ure\u0111aja. Ovaj softver mo\u017ee da se koristi samostalno ili da potrebne podatke izvozi drugim softverima, naj\u010de\u0161\u0107e su to AMI ili MDM sistemi koje ve\u0107 koriste distribucije.<\/p>\n<p>\u03bcSys mo\u017ee da o\u010dita sve registre koji su definisani DLMS protokolom i u tra\u017eenom formatu ih izveze nadre\u0111enoj aplikaciji, \u010dime omogu\u0107ava distribucijama upravljanje na\u0161im brojilima, bez potrebe da vr\u0161i izmjene u svojim postoje\u0107im sistemima.[\/vc_column_text][vc_empty_space height=&#8221;20px&#8221;][\/vc_column_inner][vc_column_inner width=&#8221;2\/6&#8243; css=&#8221;.vc_custom_1566133510334{padding-left: 30px !important;}&#8221;][vc_single_image image=&#8221;14647&#8243; img_size=&#8221;medium&#8221; css=&#8221;.vc_custom_1566137056761{padding-left: 30px !important;}&#8221;][\/vc_column_inner][\/vc_row_inner][vc_empty_space height=&#8221;30px&#8221;][\/vc_column][\/vc_row][vc_row full_width=&#8221;stretch_row_content_no_spaces&#8221;][vc_column][vc_row_inner equal_height=&#8221;yes&#8221;][vc_column_inner width=&#8221;1\/2&#8243; css=&#8221;.vc_custom_1566139661760{background-image: url(https:\/\/www.mikroelektronika.net\/wp-content\/uploads\/2019\/08\/microsys.jpg?id=14858) !important;background-position: center !important;background-repeat: no-repeat !important;background-size: cover !important;}&#8221;][vc_empty_space height=&#8221;300px&#8221;][\/vc_column_inner][vc_column_inner width=&#8221;1\/2&#8243; css=&#8221;.vc_custom_1553647245203{padding-top: 20% !important;padding-right: 15% !important;padding-bottom: 20% !important;padding-left: 15% !important;background-color: #f2f2f2 !important;}&#8221;][vc_icon icon_fontawesome=&#8221;fa fa-check-circle&#8221; color=&#8221;green&#8221; size=&#8221;xl&#8221; align=&#8221;center&#8221;][vc_column_text]<\/p>\n<h5 style=\"text-align: center;\">Brojila odgovaraju evropskim standardima EN 50470-1 i EN 50470-3, kao i me\u0111unarodnim standardima IEC 62052-11 i IEC 62053-21, a projektovana su i proizvedena u skladu sa ISO 9001 standardom. Brojila aktivne i reaktivne elektri\u010dne energije, pored specifi\u010dnih standarda, ispunjavaju i zahtjeve me\u0111unarodnog standarda IEC62053-23.<\/h5>\n<p>[\/vc_column_text][\/vc_column_inner][\/vc_row_inner][vc_empty_space height=&#8221;70px&#8221;][\/vc_column][\/vc_row][vc_row disable_element=&#8221;yes&#8221;][vc_column width=&#8221;1\/2&#8243;][vc_row_inner][vc_column_inner width=&#8221;1\/3&#8243;][vc_single_image image=&#8221;14817&#8243; img_size=&#8221;full&#8221; alignment=&#8221;right&#8221;][\/vc_column_inner][vc_column_inner width=&#8221;2\/3&#8243;][vc_column_text css=&#8221;.vc_custom_1566132724930{padding-right: 30px !important;}&#8221;]Active or active and reactive energy.[\/vc_column_text][\/vc_column_inner][\/vc_row_inner][vc_row_inner][vc_column_inner width=&#8221;1\/3&#8243;][vc_single_image image=&#8221;14819&#8243; img_size=&#8221;full&#8221; alignment=&#8221;right&#8221;][\/vc_column_inner][vc_column_inner width=&#8221;2\/3&#8243;][vc_column_text css=&#8221;.vc_custom_1566132717595{padding-right: 30px !important;}&#8221;]Maximum power, integration period from 1 to 60 min.[\/vc_column_text][\/vc_column_inner][\/vc_row_inner][vc_row_inner][vc_column_inner width=&#8221;1\/3&#8243;][vc_single_image image=&#8221;14821&#8243; img_size=&#8221;full&#8221; alignment=&#8221;right&#8221;][\/vc_column_inner][vc_column_inner width=&#8221;2\/3&#8243;][vc_column_text css=&#8221;.vc_custom_1566132733275{padding-right: 30px !important;}&#8221;]Measurement of energy in one or two directions or absolute measurement.<br \/>\n(+ A, + R; -A, -R; |A|, |R|), optionally by quadrants (R1, R2, R3, R4).[\/vc_column_text][\/vc_column_inner][\/vc_row_inner][vc_row_inner][vc_column_inner width=&#8221;1\/3&#8243;][vc_single_image image=&#8221;14823&#8243; img_size=&#8221;full&#8221; alignment=&#8221;right&#8221;][\/vc_column_inner][vc_column_inner width=&#8221;2\/3&#8243;][vc_column_text css=&#8221;.vc_custom_1566132743626{padding-right: 30px !important;}&#8221;]Internal multi-tariff registration or external management via tariff inputs\/ outputs.[\/vc_column_text][\/vc_column_inner][\/vc_row_inner][vc_row_inner][vc_column_inner width=&#8221;1\/3&#8243;][vc_single_image image=&#8221;14825&#8243; img_size=&#8221;full&#8221; alignment=&#8221;right&#8221;][\/vc_column_inner][vc_column_inner width=&#8221;2\/3&#8243;][vc_column_text css=&#8221;.vc_custom_1566132763123{padding-right: 30px !important;}&#8221;]Internal real time counter with DST (Daylight saving enabled).<br \/>\nBack-up Li-Ion battery, optional super capacitor.[\/vc_column_text][\/vc_column_inner][\/vc_row_inner][vc_row_inner][vc_column_inner width=&#8221;1\/3&#8243;][vc_single_image image=&#8221;14827&#8243; img_size=&#8221;full&#8221; alignment=&#8221;right&#8221;][\/vc_column_inner][vc_column_inner width=&#8221;2\/3&#8243;][vc_column_text css=&#8221;.vc_custom_1566132771238{padding-right: 30px !important;}&#8221;]Time profiles for measuring data (up to 6 channels).[\/vc_column_text][\/vc_column_inner][\/vc_row_inner][vc_row_inner][vc_column_inner width=&#8221;1\/3&#8243;][vc_single_image image=&#8221;14829&#8243; img_size=&#8221;full&#8221; alignment=&#8221;right&#8221;][\/vc_column_inner][vc_column_inner width=&#8221;2\/3&#8243;][vc_column_text css=&#8221;.vc_custom_1566132779084{padding-right: 30px !important;}&#8221;]Measurement of phase voltage and current and power factor.[\/vc_column_text][\/vc_column_inner][\/vc_row_inner][vc_row_inner][vc_column_inner width=&#8221;1\/3&#8243;][vc_single_image image=&#8221;14831&#8243; img_size=&#8221;full&#8221; alignment=&#8221;right&#8221;][\/vc_column_inner][vc_column_inner width=&#8221;2\/3&#8243;][vc_column_text css=&#8221;.vc_custom_1566132793254{padding-right: 30px !important;}&#8221;]RS485 communication interface.[\/vc_column_text][\/vc_column_inner][\/vc_row_inner][vc_row_inner][vc_column_inner width=&#8221;1\/3&#8243;][vc_single_image image=&#8221;14835&#8243; img_size=&#8221;full&#8221; alignment=&#8221;right&#8221;][\/vc_column_inner][vc_column_inner width=&#8221;2\/3&#8243;][vc_column_text css=&#8221;.vc_custom_1566132803451{padding-right: 30px !important;}&#8221;]For 3-phase 4- or 3-wire networks or single-phase 2-wire networks.[\/vc_column_text][\/vc_column_inner][\/vc_row_inner][vc_row_inner][vc_column_inner width=&#8221;1\/3&#8243;][vc_single_image image=&#8221;14837&#8243; img_size=&#8221;full&#8221; alignment=&#8221;right&#8221;][\/vc_column_inner][vc_column_inner width=&#8221;2\/3&#8243;][vc_column_text css=&#8221;.vc_custom_1566132811202{padding-right: 30px !important;}&#8221;]Impulse output(s) (kWh or kWh + quark).[\/vc_column_text][\/vc_column_inner][\/vc_row_inner][\/vc_column][vc_column width=&#8221;1\/2&#8243;][vc_column_text]\u2022 Simplicity, speed and ease of connecting the meter to the network,<br \/>\nindication of correct connection.<\/p>\n<p>\u2022 Self-extinguishing polycarbonate housing.<\/p>\n<p>\u2022 Compact design of meter according to DIN 43857.<\/p>\n<p>\u2022 IP54 degree of protection against penetration of moisture and dust.<\/p>\n<p>\u2022 High resistance to electromagnetic interference.<\/p>\n<p>\u2022 Monitoring and registering of violation of meter&#8217;s work integrity (opening of the upper or lower lid, strong magnetic field action, wrong password access attempt, &#8230;).<\/p>\n<p>\u2022 DLMS communication protocol.<\/p>\n<p>\u2022 Possibility of switching into a remote measurement and management system by installing one of the communication modules-GSM\/GPRS, PLC (S-FSK, DCSK, G3), ETHERNET, Zigbee.<\/p>\n<p>\u2022 Indication of the working condition of the meter and the communication module.<\/p>\n<p>\u2022 Relay outputs for remote and local load control.<\/p>\n<p>\u2022 Power monitoring and load control with integrated or external switch to a maximum current of 100 A.<\/p>\n<p>\u2022 Optical output(s):<br \/>\n&#8211; direct connection &#8211; 1000 imp\/kWh (kvarh)<br \/>\n&#8211; semi-indirect connection &#8211; 10 000 imp\/kWh (kvarh)<br \/>\n&#8211; indirect connection &#8211; 40 000 imp\/kWh (kvarh)<\/p>\n<p>\u2022 LIST and SET buttons (the ability to seal the SET key).[\/vc_column_text][\/vc_column][\/vc_row][vc_row disable_element=&#8221;yes&#8221;][vc_column][vc_empty_space][\/vc_column][\/vc_row][vc_row full_width=&#8221;stretch_row&#8221; disable_element=&#8221;yes&#8221; css=&#8221;.vc_custom_1566158796123{margin-top: 0px !important;margin-bottom: 0px !important;background-color: #f2f2f2 !important;}&#8221;][vc_column width=&#8221;1\/2&#8243;][vc_single_image image=&#8221;14847&#8243; img_size=&#8221;full&#8221; alignment=&#8221;right&#8221; css=&#8221;.vc_custom_1566134248977{padding-right: 30px !important;padding-left: 80px !important;}&#8221;][\/vc_column][vc_column width=&#8221;1\/2&#8243;][vc_column_text css=&#8221;.vc_custom_1566134736318{padding-top: 20px !important;}&#8221;]\u2022 LCD display with backlight.<\/p>\n<p>\u2022 Tagging data by OBIS code: IEC 62056-61.<\/p>\n<p>\u2022 A programmable data set and display sequence, manually and automatically.[\/vc_column_text][\/vc_column][\/vc_row]<\/p>\n<\/div>","protected":false},"excerpt":{"rendered":"<p>[vc_row][vc_column][vc_empty_space height=&#8221;90px&#8221;][vc_row_inner][vc_column_inner width=&#8221;4\/6&#8243;][vc_column_text] Softverski paketi \u03bcSys i \u03bcMeter [\/vc_column_text][vc_column_text]Softveri koje imamo u ponudi dizajnirani su da na jednostavan na\u010din omogu\u0107e korisniku da pristupi velikom broju informacija koja na\u0161a brojila prikupljaju [&hellip;]<\/p>\n","protected":false},"author":1,"featured_media":0,"parent":0,"menu_order":0,"comment_status":"closed","ping_status":"closed","template":"no-footer.php","meta":[],"_links":{"self":[{"href":"https:\/\/www.mikroelektronika.net\/sr\/wp-json\/wp\/v2\/pages\/15078"}],"collection":[{"href":"https:\/\/www.mikroelektronika.net\/sr\/wp-json\/wp\/v2\/pages"}],"about":[{"href":"https:\/\/www.mikroelektronika.net\/sr\/wp-json\/wp\/v2\/types\/page"}],"author":[{"embeddable":true,"href":"https:\/\/www.mikroelektronika.net\/sr\/wp-json\/wp\/v2\/users\/1"}],"replies":[{"embeddable":true,"href":"https:\/\/www.mikroelektronika.net\/sr\/wp-json\/wp\/v2\/comments?post=15078"}],"version-history":[{"count":7,"href":"https:\/\/www.mikroelektronika.net\/sr\/wp-json\/wp\/v2\/pages\/15078\/revisions"}],"predecessor-version":[{"id":15336,"href":"https:\/\/www.mikroelektronika.net\/sr\/wp-json\/wp\/v2\/pages\/15078\/revisions\/15336"}],"wp:attachment":[{"href":"https:\/\/www.mikroelektronika.net\/sr\/wp-json\/wp\/v2\/media?parent=15078"}],"curies":[{"name":"wp","href":"https:\/\/api.w.org\/{rel}","templated":true}]}}