{"id":15083,"date":"2020-07-15T00:57:15","date_gmt":"2020-07-14T22:57:15","guid":{"rendered":"https:\/\/www.mikroelektronika.net\/?page_id=15083"},"modified":"2020-07-15T00:57:16","modified_gmt":"2020-07-14T22:57:16","slug":"partneri","status":"publish","type":"page","link":"https:\/\/www.mikroelektronika.net\/sr\/partneri\/","title":{"rendered":"Partneri"},"content":{"rendered":"<div class=\"wpb-content-wrapper\"><p>[vc_row][vc_column][vc_empty_space height=&#8221;90px&#8221;][vc_row_inner][vc_column_inner width=&#8221;1\/6&#8243;][\/vc_column_inner][vc_column_inner width=&#8221;2\/3&#8243;][vc_column_text]<\/p>\n<h1>Dobrodo\u0161li u na\u0161u mre\u017eu distributera i servisera<\/h1>\n<p>[\/vc_column_text][vc_column_text]Vi\u0161egodi\u0161njim prisustvom i kvalitetom proizvoda i usluga na tr\u017ei\u0161tu otvorili smo vrata saradnje sa kompletnom mre\u017eom distributera i servisa. Cijena i kvalitet na\u0161ih proizvoda, dostupnost rezervnih dijelova (mi smo proizvo\u0111a\u010di) rabatna skala za distributere i tehni\u010dka podr\u0161ka za sve na\u0161e korisnike koja je na raspolaganju svakog radnog dana od 08.00h do 24.00h, opredjeljuje kvalitet odnosa distributera, krajnjih korisnika i nas kao proizvo\u0111a\u010da.<\/p>\n<p><strong>U procesu fiskalizacije na teritoriji Distrikta Br\u010dko mo\u017eemo da ponudimo neprocjenjivo iskustvo u organizovanju prodajnih aktivnosti, odli\u010dne ugovorne uslove za na\u0161e distributere i servisere, marketin\u0161ku podr\u0161ku, info-tel tehni\u010dku podr\u0161ku 16h dnevno i, \u0161to je najva\u017enije, proizvod proizveden u BIH koji ispunjava sve standarde kvaliteta i najnovije svjetske tehnolo\u0161ke zahtjeve.<\/strong><\/p>\n<p>Na\u0161a kompanija dobila je status ovla\u0161tenog proizvo\u0111a\u010da i potpisala je Ugovor sa Ministarstvom finansija Distrikta Br\u010dko.[\/vc_column_text]<div id='ins-button-69e1cb8b17b22' class='ins-button-wrapper text-left 40px  '><a class='ins-button title-font letter-spacing-1 text-white pc-border pc-bg btn-square font-weight-400 btn-medium text-uppercase ' href='https:\/\/www.mikroelektronika.net\/kontakt\/'  target='_self'><span>Kontaktirajte nas za saradnju<\/span><i class='ins-button-icon fa fa-envelope'><\/i><\/a><\/div><script type=\"text\/javascript\">\n\t\t(function(jQuery) {jQuery(\"head\").append(\"<style>#ins-button-69e1cb8b17b22 .ins-button {color: #212121;}#ins-button-69e1cb8b17b22 .ins-button:hover {color: #ffffff;}#ins-button-69e1cb8b17b22 .ins-button {background-color: #f2f2f2;}#ins-button-69e1cb8b17b22 .ins-button:hover {background-color: #212121;}#ins-button-69e1cb8b17b22 .ins-button {border-color: #f5f5f5;}#ins-button-69e1cb8b17b22 .ins-button:hover {border-color: #f5f5f5;}#ins-button-69e1cb8b17b22.ins-button-wrapper {margin-top: 40px;}<\/style>\")\n\t\t\t\t\t})(jQuery);\n\t\t\t\t\t\t<\/script>[vc_empty_space height=&#8221;20px&#8221;][\/vc_column_inner][vc_column_inner width=&#8221;1\/6&#8243;][\/vc_column_inner][\/vc_row_inner][vc_empty_space height=&#8221;30px&#8221;][\/vc_column][\/vc_row][vc_row][vc_column width=&#8221;1\/6&#8243;][\/vc_column][vc_column width=&#8221;2\/3&#8243;][vc_tta_tabs][vc_tta_section title=&#8221;Partneri u Republici Srpskoj&#8221; tab_id=&#8221;partneri-rs&#8221;][vc_empty_space][vc_row_inner][vc_column_inner width=&#8221;2\/4&#8243;][vc_column_text]<strong>Alf-om d.o.o.<\/strong><br \/>\n<strong>Biro Kip d.o.o.<\/strong><br \/>\n<strong>BL-Omikron d.o.o.<\/strong><br \/>\n<strong>Computing SYSTEMS d.o.o.<\/strong><br \/>\n<strong>S-MEDIA S.P.<\/strong><br \/>\n<strong>Cosim Systems d.o.o.<\/strong><br \/>\n<strong>DD Soft d.o.o.<\/strong><br \/>\n<strong>Declan Computers<\/strong><br \/>\n<strong>EastCode d.o.o.<\/strong><br \/>\n<strong>Eko biro Vanja d.o.o.<\/strong><br \/>\n<strong>Fiskal biro d.o.o.<\/strong><br \/>\n<strong>GOinfo<\/strong><br \/>\n<strong>Infocom<\/strong><br \/>\n<strong>Preciz d.o.o.<\/strong><br \/>\n<strong>R-biro<\/strong><br \/>\n<strong>SAMPRO SOFTWARE DOO<\/strong><br \/>\n<strong>Infonet sztr<\/strong><br \/>\n<strong>Elektronik Servis sztr<\/strong><br \/>\n<strong>Service Point sztr<\/strong><br \/>\n<strong>Fancy d.o.o.<\/strong><br \/>\n<strong>Netcom sztr<\/strong><br \/>\n<strong>MaxMare d.o.o.<\/strong><br \/>\n<strong>Copitrade d.o.o.<\/strong><br \/>\n<strong>Panta Rei d.o.o.<\/strong><br \/>\n<strong>Profi Nova a.d.<\/strong><br \/>\n<strong>ZTUR MOBELIKS<\/strong><br \/>\n<strong>ComTECH str<\/strong><br \/>\n<strong>szr Tehni\u010dar<\/strong><br \/>\n<strong>BIT SZTR<\/strong><br \/>\n<strong>SERVICE POINT SZTR<\/strong><br \/>\n<strong>NETX TECHNOLOGY<\/strong><br \/>\n<strong>King d.o.o.<\/strong><br \/>\n<strong>Code Computers SZTR<\/strong><br \/>\n<strong>Kombel d.o.o.<\/strong><br \/>\n<strong>Sigma Elektronik sztr<\/strong><br \/>\n<strong>Agencija za inform. i kom. usluge<\/strong><br \/>\n<strong>Elbas d.o.o.<\/strong><br \/>\n<strong>Koming d.o.o.<\/strong><br \/>\n<strong>Komtel, Gradi\u0161ka d.o.o.<\/strong><br \/>\n<strong>Sigma elektro<\/strong><br \/>\n<strong>PC servis SZTR<\/strong><br \/>\n<strong>Agencija Info-soft<\/strong><br \/>\n<strong>Fiskal Elektronic Servis<\/strong><br \/>\n<strong>K-inel d.o.o.<\/strong><br \/>\n<strong>Computer Shop Omega<\/strong><br \/>\n<strong>PST d.o.o.<\/strong><br \/>\n<strong>Elmont<\/strong><br \/>\n<strong>Olimpia szr<\/strong><br \/>\n<strong>Pro Link Ra\u010dunari stzr<\/strong><br \/>\n<strong>Biro soft d.o.o.<\/strong><br \/>\n<strong>LUK SMART DOO<\/strong><br \/>\n<strong>BIROTEHNIKA Z.T.R.<\/strong><br \/>\n<strong>Media portal d.o.o.<\/strong><br \/>\n<strong>RCD d.o.o.<\/strong><br \/>\n<strong>BOJAN BA\u0160I\u0106 BOJAN SP<\/strong><br \/>\n<strong>Macro-Hard d.o.o.<\/strong><br \/>\n<strong>Matrix Computers\u00a0 d.o.o.<\/strong><br \/>\n<strong>Alfanet informatika d.o.o.<\/strong><br \/>\n<strong>Armil tzr<\/strong><br \/>\n<strong>Commercial d.o.o.<\/strong><br \/>\n<strong>Elpin d.o.o.<\/strong><br \/>\n<strong>Mikron tzr<\/strong><br \/>\n<strong>Smart Computer SZTR<\/strong><br \/>\n<strong>Audio video servis ELIN<\/strong><br \/>\n<strong>Martom d.o.o.<\/strong><br \/>\n<strong>Tehnoprom d.o.o.<\/strong><br \/>\n<strong>Sztr Apoa<\/strong><br \/>\n<strong>Mobil Mega sztr<\/strong><br \/>\n<strong>Srle-Soft\u00a0 d.o.o.<\/strong><br \/>\n<strong>Kula d.o.o.<\/strong><br \/>\n<strong>D-soft d.o.o<\/strong><br \/>\n<strong>Komtel d.o.o.<\/strong><br \/>\n<strong>Odavi\u0107 d.o.o.<\/strong><br \/>\n<strong>TEHNIKA SZTR<\/strong><br \/>\n<strong>TQNET COMPUTERS S.P.<\/strong><br \/>\n<strong>Agencija Informing d.o.o.<\/strong><br \/>\n<strong>AC Do\u0161i\u0107 d.o.o.<\/strong><br \/>\n<strong>Mladost Trade d.o.o.<\/strong>[\/vc_column_text][\/vc_column_inner][vc_column_inner width=&#8221;1\/4&#8243;][vc_column_text]Banja Luka<br \/>\nBanja Luka<br \/>\nBanja Luka<br \/>\nBanja Luka<br \/>\nBanja Luka<br \/>\nBanja Luka<br \/>\nBanja Luka<br \/>\nBanja Luka<br \/>\nBanja Luka<br \/>\nBanja Luka<br \/>\nBanja Luka<br \/>\nBanja Luka<br \/>\nBanja Luka<br \/>\nBanja Luka<br \/>\nBanja Luka<br \/>\nBanja Luka<br \/>\nBanja Luka<br \/>\nBanja Luka<br \/>\nBanja Luka<br \/>\nBanja Luka<br \/>\nBanja Luka<br \/>\nBijeljina<br \/>\nBijeljina<br \/>\nBijeljina<br \/>\nBijeljina<br \/>\nBrod<br \/>\nDerventa<br \/>\nDerventa<br \/>\nDoboj<br \/>\nDoboj<br \/>\nDoboj<br \/>\nDoboj<br \/>\nFo\u010da<br \/>\nFo\u010da<br \/>\nFo\u010da<br \/>\nGradi\u0161ka<br \/>\nGradi\u0161ka<br \/>\nGradi\u0161ka<br \/>\nGradi\u0161ka<br \/>\nGradi\u0161ka<br \/>\nGradi\u0161ka<br \/>\nIsto\u010dno Sarajevo<br \/>\nIsto\u010dno Sarajevo<br \/>\nIsto\u010dno Sarajevo<br \/>\nKostajnica<br \/>\nKotor Varo\u0161<br \/>\nKozarska Dubica<br \/>\nKozarska Dubica<br \/>\nKozarska Dubica<br \/>\nLakta\u0161i<br \/>\nLakta\u0161i<br \/>\nModri\u010da<br \/>\nMrkonji\u0107 Grad<br \/>\nNovi Grad<br \/>\nNovi Grad<br \/>\nPale<br \/>\nPale<br \/>\nPrijedor<br \/>\nPrijedor<br \/>\nPrijedor<br \/>\nPrijedor<br \/>\nPrijedor<br \/>\nPrijedor<br \/>\nPrnjavor<br \/>\nPrnjavor<br \/>\nRogatica<br \/>\nRudo<br \/>\nSokolac<br \/>\nSokolac<br \/>\n\u0160amac<br \/>\nTesli\u0107<br \/>\nTesli\u0107<br \/>\nTrebinje<br \/>\nTrebinje<br \/>\nTrebinje<br \/>\nVi\u0161egrad<br \/>\nVlasenica<br \/>\nZvornik[\/vc_column_text][\/vc_column_inner][vc_column_inner width=&#8221;1\/4&#8243;][vc_column_text]051 300 113<br \/>\n051 306 733<br \/>\n051 325 390<br \/>\n051 322 800<br \/>\n065 798 077<br \/>\n051 223 150<br \/>\n051 923 300<br \/>\n051 323 770<br \/>\n051 435-595<br \/>\n051 301 184<br \/>\n065 888 599<br \/>\n064 46 01 100<br \/>\n051 229 400<br \/>\n051 328 850<br \/>\n051 323 091<br \/>\n051\/251-028<br \/>\n065 737 395<br \/>\n051 300 881<br \/>\n051 305 256<br \/>\n051 230 400<br \/>\n051 355 150<br \/>\n055 225 970<br \/>\n055 207 755<br \/>\n055 201 300<br \/>\n055 213 339<br \/>\n065 541 036<br \/>\n053 311 540<br \/>\n053 331 793<br \/>\n053 205 810<br \/>\n065 971 467<br \/>\n065 529 715<br \/>\n053 203 333<br \/>\n058 214 807<br \/>\n058 212 220<br \/>\n065 592 120<br \/>\n051 810 710<br \/>\n065 528 499<br \/>\n051 814 864<br \/>\n051 814 590<br \/>\n051 814 999<br \/>\n051 826 500<br \/>\n065 583 648<br \/>\n057 344 548<br \/>\n057 321 180<br \/>\n065\/659-673<br \/>\n051 923 574<br \/>\n052 425 335<br \/>\n052 416 605<br \/>\n052 424 580<br \/>\n051 535 155<br \/>\n051 535 370<br \/>\n065 689 880<br \/>\n050 220 190<br \/>\n052 751 827<br \/>\n065 620 860<br \/>\n057 227 027<br \/>\n057 200 760<br \/>\n052 212 000<br \/>\n065 411 871<br \/>\n052 240 012<br \/>\n052 243 060<br \/>\n052 215 251<br \/>\n052 216 580<br \/>\n051 663 393<br \/>\n051 640 760<br \/>\n058 417 740<br \/>\n065 705 967<br \/>\n057 444 285<br \/>\n057 400 800<br \/>\n054 611 918<br \/>\n053 410 200<br \/>\n053 411 000<br \/>\n059 271 200<br \/>\n065 676 399<br \/>\n059 227 690<br \/>\n058 620 007<br \/>\n056 733 333<br \/>\n056 211 013[\/vc_column_text][\/vc_column_inner][\/vc_row_inner][\/vc_tta_section][vc_tta_section title=&#8221;Partneri u Federaciji BIH&#8221; tab_id=&#8221;partneri-fbih&#8221;][vc_empty_space][vc_row_inner][vc_column_inner width=&#8221;2\/3&#8243;][vc_column_text]<strong>SARAJEVO<\/strong><br \/>\nAGENCIJA POSITIVE d.o.o.<br \/>\nAT GROUP d.o.o<br \/>\nCOMBIS d.o.o.<br \/>\nDIGITAL MEHANIKA d.o.o.<br \/>\nGENEL d.o.o. &#8211; PJ Sarajevo<br \/>\nMIBO KOMUNIKACIJE d.o.o.<br \/>\nMU\u0160ANOVI\u0106 d.o.o.<br \/>\nPC PLUS d.o.o.<br \/>\nROBOT GENERAL TRADING Co d.o.o<br \/>\nElectronic World doo<br \/>\nTORUS D.O.O.<\/p>\n<p><strong>OKOLINA SARAJEVA<\/strong><br \/>\nFISKUS d.o.o. KISELJAK<br \/>\nPROMET-MID d.o.o. KISELJAK<\/p>\n<p><strong>TUZLA<\/strong><br \/>\nGENEL d.o.o. &#8211; PJ Tuzla<br \/>\nGENELEC d.o.o.<br \/>\nINGEL d.o.o.<br \/>\nZI-MI d.o.o.<\/p>\n<p><strong>OKOLINA TUZLE<\/strong><br \/>\nCOPY TEC d.o.o. OD\u017dAK<br \/>\nDINNET d.o.o. GRA\u010cANICA<br \/>\nELSOFT d.o.o. GRADA\u010cAC<br \/>\nM-M-C d.o.o. ORA\u0160JE<\/p>\n<p><strong>ZENICA I OKOLINA<\/strong><br \/>\nBAMBI d.o.o. TRAVNIK<br \/>\nELTIC d.o.o. ZENICA<br \/>\nPC-ST@RT d.o.o. TRAVNIK<br \/>\nTECOM d.o.o. TE\u0160ANJ<br \/>\nVINET d.o.o. VITEZ<\/p>\n<p><strong>MOSTAR<\/strong><br \/>\nGENEL d.o.o.<br \/>\nKATARINA d.o.o.<br \/>\nMOBIS d.o.o.<br \/>\nXSOFT d.o.o.<br \/>\nZK OFFICE d.o.o.<br \/>\nATHELING SOFT d.o.o.<\/p>\n<p><strong>OKOLINA MOSTARA<\/strong><br \/>\nIVKOVI\u0106 d.o.o. JABLANICA<\/p>\n<p><strong>BIHA\u0106<\/strong><br \/>\nDA-NE d.o.o.<br \/>\nUNIMATRIX d.o.o.<\/p>\n<p><strong>OKOLINA BIHA\u0106A<\/strong><br \/>\nKOMPANIJA OAZA d.o.o. DRVAR<br \/>\nNO LIMIT TECHNOLOGY d.o.o. SANSKI MOST<br \/>\nPRODATA d.o.o. VELIKA KLADU\u0160A[\/vc_column_text][\/vc_column_inner][vc_column_inner width=&#8221;1\/3&#8243;][vc_column_text].<br \/>\n033 207 820<br \/>\n033 554 785<br \/>\n033 774 640<br \/>\n033 221 949<br \/>\n033 611 966<br \/>\n033 779 333<br \/>\n033 719 185<br \/>\n033 767 425<br \/>\n033 771 564<br \/>\n033 440 444<br \/>\n061 165 052<br \/>\n.<\/p>\n<p>030 874 351<br \/>\n030 879 606<br \/>\n.<\/p>\n<p>035 261 232<br \/>\n035 251 110<br \/>\n035 248 430<br \/>\n035 360 260<br \/>\n.<\/p>\n<p>031 763 382<br \/>\n062 346 289<br \/>\n035 861 071<br \/>\n031 714 495<br \/>\n.<\/p>\n<p>030 511 644<br \/>\n032 442 390<br \/>\n061 793 701<br \/>\n032 650 360<br \/>\n030 711 005<br \/>\n.<\/p>\n<p>036 320 777<br \/>\n036 326 426<br \/>\n036 555 583<br \/>\n036 314 011<br \/>\n036 449 780<br \/>\n063 891 930<br \/>\n.<\/p>\n<p>036 753 977<br \/>\n.<\/p>\n<p>037 227 380<br \/>\n037 222 809<br \/>\n.<\/p>\n<p>034 818 012<br \/>\n037 689 036<br \/>\n037 770 079[\/vc_column_text][\/vc_column_inner][\/vc_row_inner][\/vc_tta_section][vc_tta_section title=&#8221;Partneri u Distriktu Br\u010dko&#8221; tab_id=&#8221;partneri-brcko&#8221;][vc_empty_space][vc_row_inner][vc_column_inner width=&#8221;1\/3&#8243;][vc_column_text]<strong>TAS Komerc doo<\/strong><br \/>\n<strong>Sector technology doo<\/strong><br \/>\n<strong>Item doo<\/strong><br \/>\n<strong>UTP Tehnokom doo<\/strong><br \/>\n<strong>Mu\u0161anovi\u0107 doo<\/strong><br \/>\n<strong>Copitrade doo PJ Br\u010dko<\/strong><br \/>\n<strong>Max Mare doo PJ Br\u010dko<\/strong><br \/>\n<strong>Konnak doo<\/strong>[\/vc_column_text][\/vc_column_inner][vc_column_inner width=&#8221;1\/3&#8243;][vc_column_text]Plazuljska 18 Br\u010dko<br \/>\nBranislava Nu\u0161i\u0107a 19 Br\u010dko<br \/>\nKlosterska 5\/c Br\u010dko<br \/>\nHilandarska 24 Br\u010dko<br \/>\nMehmeda Spahe 46 Br\u010dko<br \/>\nKlosterska 14 Br\u010dko<br \/>\nUzunovi\u0107a bb Br\u010dko<br \/>\nRizaha \u0160teti\u0107a 1 Br\u010dko[\/vc_column_text][\/vc_column_inner][vc_column_inner width=&#8221;1\/3&#8243;][vc_column_text]049\/301-246<br \/>\n049\/230-770<br \/>\n061\/288-413<br \/>\n049\/216-330<br \/>\n061\/130-649<br \/>\n049\/218-00<br \/>\n049\/206-088<br \/>\n049\/235-230[\/vc_column_text][\/vc_column_inner][\/vc_row_inner][\/vc_tta_section][\/vc_tta_tabs][\/vc_column][vc_column width=&#8221;1\/6&#8243;][\/vc_column][\/vc_row]<\/p>\n<\/div>","protected":false},"excerpt":{"rendered":"<p>[vc_row][vc_column][vc_empty_space height=&#8221;90px&#8221;][vc_row_inner][vc_column_inner width=&#8221;1\/6&#8243;][\/vc_column_inner][vc_column_inner width=&#8221;2\/3&#8243;][vc_column_text] Dobrodo\u0161li u na\u0161u mre\u017eu distributera i servisera [\/vc_column_text][vc_column_text]Vi\u0161egodi\u0161njim prisustvom i kvalitetom proizvoda i usluga na tr\u017ei\u0161tu otvorili smo vrata saradnje sa kompletnom mre\u017eom distributera i servisa. [&hellip;]<\/p>\n","protected":false},"author":2,"featured_media":0,"parent":0,"menu_order":0,"comment_status":"closed","ping_status":"closed","template":"no-footer.php","meta":[],"_links":{"self":[{"href":"https:\/\/www.mikroelektronika.net\/sr\/wp-json\/wp\/v2\/pages\/15083"}],"collection":[{"href":"https:\/\/www.mikroelektronika.net\/sr\/wp-json\/wp\/v2\/pages"}],"about":[{"href":"https:\/\/www.mikroelektronika.net\/sr\/wp-json\/wp\/v2\/types\/page"}],"author":[{"embeddable":true,"href":"https:\/\/www.mikroelektronika.net\/sr\/wp-json\/wp\/v2\/users\/2"}],"replies":[{"embeddable":true,"href":"https:\/\/www.mikroelektronika.net\/sr\/wp-json\/wp\/v2\/comments?post=15083"}],"version-history":[{"count":2,"href":"https:\/\/www.mikroelektronika.net\/sr\/wp-json\/wp\/v2\/pages\/15083\/revisions"}],"predecessor-version":[{"id":15085,"href":"https:\/\/www.mikroelektronika.net\/sr\/wp-json\/wp\/v2\/pages\/15083\/revisions\/15085"}],"wp:attachment":[{"href":"https:\/\/www.mikroelektronika.net\/sr\/wp-json\/wp\/v2\/media?parent=15083"}],"curies":[{"name":"wp","href":"https:\/\/api.w.org\/{rel}","templated":true}]}}