{"id":15098,"date":"2020-07-15T01:08:37","date_gmt":"2020-07-14T23:08:37","guid":{"rendered":"https:\/\/www.mikroelektronika.net\/?page_id=15098"},"modified":"2025-09-27T00:40:14","modified_gmt":"2025-09-26T22:40:14","slug":"politika-kvaliteta-inspekcijskog-tijela","status":"publish","type":"page","link":"https:\/\/www.mikroelektronika.net\/sr\/politika-kvaliteta-inspekcijskog-tijela\/","title":{"rendered":"Politika kvaliteta inspekcijskog tijela"},"content":{"rendered":"<div class=\"wpb-content-wrapper\"><p>[vc_row][vc_column][vc_empty_space height=&#8221;90px&#8221;][vc_column_text css=&#8221;&#8221;]<\/p>\n<h3 style=\"text-align: center;\"><strong>IZJAVA O POLITICI KVALITETA INSPEKCIJSKOG TIJELA<br \/>\n<\/strong><\/h3>\n<p>Politika kvaliteta Inspekcijskog tijela je sastavni dio poslovne politike, politike integrisanog sistema menad\u017ementa i politike sigurnosti informacija preduze\u0107a Mikroelektronika a.d. Banja Luka.<br \/>\nPolitika kvaliteta je zasnovana je na ispunjavanju zahtjeva standarda BAS EN ISO\/IEC 17020:2013 u domenu pru\u017eanja usluga inspekcije\/verifikacije brojila elektri\u010dne energije.<\/p>\n<p>Primarni interes Inspekcijskog tijela u oblasti kvaliteta je zasnovan na uspostavljanju i odr\u017eavanju tr\u017ei\u0161no orijentisanog poslovnog sistema sa ciljem potpunog zadovoljenja zahtjeva, potreba i o\u010dekivanja korisnika usluga.<\/p>\n<p>Najvi\u0161e rukovodstvo Inspekcijskog tijela i svi zaposleni su opredeljeni za neprikidno unapre\u0111enje sistema kvaliteta u skladu sa zahtjevima standarda BAS EN ISO\/IEC 17020:2013.<\/p>\n<p>Najvi\u0161e rukovodstvo Inspekcijskog tijela je postavilo slede\u0107e glavne ciljeve sistema kvaliteta:<\/p>\n<p>\u2022 Uspostavljanje, primjena, stalno pobolj\u0161avanje i odr\u017eavanje sistema kvaliteta Inspekcijskog tijela prema zahtjevima standarda BAS EN ISO\/IEC 17020:2013,<br \/>\n\u2022 Uspostavljanje, primjena, stalno pobolj\u0161avanje i odr\u017eavanje integrisanog sistema menad\u017ementa preduze\u0107a Mikroelektronika a.d. prema zahtjevima standarda BAS EN ISO 9001:2015, BAS EN ISO 14001:2017, BAS ISO 45001:2019, BAS EN ISO\/IEC 27001:2023 i BAS EN ISO 22301:2021.<br \/>\n\u2022 Ostavarivanje dobre profesionalne prakse i kvalitet svojih usluga u skladu sa zakonskim zahtjevima, zahtjevima korisnika, zahtjevima Instituta za akreditaciju Bosne i Hercegovine i zahtjevima standarda BAS EN ISO\/IEC 17020:2013,<br \/>\n\u2022 Stalno unapre\u0111enje odnosa sa korisnicima usluga, podugovara\u010dima i isporu\u010diocima kao i zasnivanje novih partnerskih odnosa,<br \/>\n\u2022 Po\u0161tovanje rokova, primjena standarda, metoda inspekcije\/verifikacije, dokumenatacije sistema kvaliteta, kodeksa pona\u0161anja i drugih dokumenata zna\u010dajnih za rad Inspekcijskog tijela,<br \/>\n\u2022 Nepristrasno izvo\u0111enje inspekcije\/verifikacije brojila elektri\u010dne energije u skladu sa zakonskim propisima, zahtjevima standarda BAS EN ISO\/IEC 17020:2013 i zahtjevima korinika usluga,<br \/>\n\u2022 Za\u0161tita povjerljivih informacija i vlasni\u010dkih prava pri pru\u017eanju usluga inspekcije\/verifikacije brojila elektri\u010dne energije,<br \/>\n\u2022 Stalno pove\u0107anje efikasnosti i efektivnosti rada kao i aktivno u\u010de\u0161\u0107e zaposlenih u planiranju, sprovo\u0111enju i vrednovanju svih aktivnosti rada Inspekcijskog tijela,<br \/>\n\u2022 Nabavka savremene opreme za rad kao i odr\u017eavanje postoje\u0107e,<br \/>\n\u2022 Pove\u0107anje motivacije i u\u010dinka svih zaposlenih,<br \/>\n\u2022 Pobolj\u0161anje uslova rada zaposlenih,<br \/>\n\u2022 Preispitivanje definisanih ciljeva i politike minimum jednom godi\u0161nje od strane najvi\u0161eg rukovodstva da bih se sprovela kontrola nad sprovo\u0111enjem.<\/p>\n<p><a href=\"https:\/\/www.mikroelektronika.net\/wp-content\/uploads\/2025\/09\/Rjesenje-o-ovlascivanju-Republicki-zavod-za-standardizaciju-i-metrologiju.pdf\" target=\"_blank\" rel=\"noopener\">Rje\u0161enje o ovla\u0161\u0107ivanju laboratorije &#8211; Republi\u010dki zavod za standardizaciju i metrologiju Republike Srpske<\/a><br \/>\n<a href=\"https:\/\/www.mikroelektronika.net\/wp-content\/uploads\/2025\/09\/Rjesenje-o-imenovanju-IMBIH.pdf\" target=\"_blank\" rel=\"noopener\">Rje\u0161enje o imenovanju laboratorije za verifikaciju mjerila &#8211; Institut za metrologiju Bosne i Hercegovina<\/a><br \/>\n<a href=\"https:\/\/www.mikroelektronika.net\/wp-content\/uploads\/2025\/06\/Certifikat-o-akreditaciji-Inspekcijsko-tijelo.pdf\" target=\"_blank\" rel=\"noopener\">Certifikat o akreditaciji, ISO-IEC 17020<\/a><br \/>\n<a href=\"https:\/\/www.mikroelektronika.net\/wp-content\/uploads\/2023\/09\/ZIT-10-Obrazac-za-prigovor-zalbu.doc\" target=\"_blank\" rel=\"noopener\">ZIT 10 Obrazac za prigovor-zalbu<\/a><\/p>\n<p>Banja Luka, 12.6.2024. godine<\/p>\n<p style=\"text-align: right;\">Generalni direktor:<\/p>\n<p style=\"text-align: right;\">Mr Dragan Pra\u0161talo, dipl.ing.el.<\/p>\n<p>[\/vc_column_text][\/vc_column][\/vc_row]<\/p>\n<\/div>","protected":false},"excerpt":{"rendered":"<p>[vc_row][vc_column][vc_empty_space height=&#8221;90px&#8221;][vc_column_text css=&#8221;&#8221;] IZJAVA O POLITICI KVALITETA INSPEKCIJSKOG TIJELA Politika kvaliteta Inspekcijskog tijela je sastavni dio poslovne politike, politike integrisanog sistema menad\u017ementa i politike sigurnosti informacija preduze\u0107a Mikroelektronika a.d. Banja [&hellip;]<\/p>\n","protected":false},"author":1,"featured_media":0,"parent":0,"menu_order":0,"comment_status":"closed","ping_status":"closed","template":"no-footer.php","meta":[],"_links":{"self":[{"href":"https:\/\/www.mikroelektronika.net\/sr\/wp-json\/wp\/v2\/pages\/15098"}],"collection":[{"href":"https:\/\/www.mikroelektronika.net\/sr\/wp-json\/wp\/v2\/pages"}],"about":[{"href":"https:\/\/www.mikroelektronika.net\/sr\/wp-json\/wp\/v2\/types\/page"}],"author":[{"embeddable":true,"href":"https:\/\/www.mikroelektronika.net\/sr\/wp-json\/wp\/v2\/users\/1"}],"replies":[{"embeddable":true,"href":"https:\/\/www.mikroelektronika.net\/sr\/wp-json\/wp\/v2\/comments?post=15098"}],"version-history":[{"count":18,"href":"https:\/\/www.mikroelektronika.net\/sr\/wp-json\/wp\/v2\/pages\/15098\/revisions"}],"predecessor-version":[{"id":15870,"href":"https:\/\/www.mikroelektronika.net\/sr\/wp-json\/wp\/v2\/pages\/15098\/revisions\/15870"}],"wp:attachment":[{"href":"https:\/\/www.mikroelektronika.net\/sr\/wp-json\/wp\/v2\/media?parent=15098"}],"curies":[{"name":"wp","href":"https:\/\/api.w.org\/{rel}","templated":true}]}}