{"id":15197,"date":"2021-07-29T00:25:14","date_gmt":"2021-07-28T22:25:14","guid":{"rendered":"https:\/\/www.mikroelektronika.net\/?page_id=15197"},"modified":"2025-06-25T13:23:10","modified_gmt":"2025-06-25T11:23:10","slug":"politika-kvaliteta-kalibracione-laboratorije","status":"publish","type":"page","link":"https:\/\/www.mikroelektronika.net\/sr\/politika-kvaliteta-kalibracione-laboratorije\/","title":{"rendered":"Politika kvaliteta kalibracione laboratorije"},"content":{"rendered":"<div class=\"wpb-content-wrapper\"><p>[vc_row][vc_column][vc_empty_space height=&#8221;90px&#8221;][vc_column_text]<\/p>\n<h3 style=\"text-align: center;\"><strong>IZJAVA O POLITICI KVALITETA KALIBRACIONE LABORATORIJE<br \/>\n<\/strong><\/h3>\n<p>Politika kvaliteta Kalibracione laboratorije je sastavni dio poslovne politike, politike integrisanog sistema menad\u017ementa i politike sigurnosti informacija preduze\u0107a Mikroelektronika a.d. Banja Luka.<br \/>\nPolitika kvaliteta je zasnovana na ispunjavanju zahtjeva standarda BAS EN ISO\/IEC 17025:2018 u domenu pru\u017eanja usluga kalibracije etalonskih brojila elektri\u010dne energije.<\/p>\n<p>Primarni interes Kalibracione laboratorije u oblasti kvaliteta je zasnovan na uspostavljanju i odr\u017eavanju tr\u017ei\u0161no orijentisanog poslovnog sistema sa ciljem potpunog zadovoljenja zahtjeva, potreba i o\u010dekivanja korisnika usluga.<\/p>\n<p>Najvi\u0161e rukovodstvo Kalibracione laboratorije i svi zaposleni su opredeljeni za neprikidno unapre\u0111enje sistema upravljanja kvaliteta u skladu sa zahtjevima standarda BAS EN ISO\/IEC 17025:2018.<\/p>\n<p>Najvi\u0161e rukovodstvo Kalibracione laboratorije je postavilo slede\u0107e glavne ciljeve sistema kvaliteta:<\/p>\n<p>\u2022 Uspostavljanje, primjena, stalno pobolj\u0161avanje i odr\u017eavanje sistema kvaliteta Kalibracione laboratorije prema zahtjevima standarda BAS EN ISO\/IEC 17025:2018,<br \/>\n\u2022 Uspostavljanje, primjena, stalno pobolj\u0161avanje i odr\u017eavanje integrisanog sistema menad\u017ementa preduze\u0107a Mikroelektronika a.d. prema zahtjevima standarda BAS EN ISO 9001:2015, BAS EN ISO 14001:2017, BAS ISO 45001:2019, BAS EN ISO\/IEC 27001:2023 i BAS EN ISO 22301:2021.<br \/>\n\u2022 Ostavarivanje dobre profesionalne prakse i kvalitet svojih usluga u skladu sa zakonskim zahtjevima, zahtjevima korisnika, zahtjevima Instituta za akreditaciju Bosne i Hercegovine i zahtjevima standarda BAS EN ISO\/IEC 17025:2018,<br \/>\n\u2022 Stalno unapre\u0111enje odnosa sa korisnicima usluga, podugovara\u010dima i isporu\u010diocima kao i zasnivanje novih partnerskih odnosa,<br \/>\n\u2022 Po\u0161tovanje rokova, primjena standarda, propisanih metoda kalibracije, dokumenatacije sistema kvaliteta, kodeksa pona\u0161anja i drugih dokumenata zna\u010dajnih za rad Kalibracione laboratorije,<br \/>\n\u2022 Nepristrasno izvo\u0111enje postupka kalibracije etalonskih brojila elektri\u010dne energije u skladu sa zakonskim propisima, zahtjevima standarda BAS EN ISO\/IEC 17025:2018 i zahtjevima korinika usluga,<br \/>\n\u2022 Najvi\u0161e rukovodstvo Kalibracione laboratorije se obavezuje da \u0107e raditi na svo\u0111enju svih identifikovanih rizika po nepristrasnost poslova kalibracije na najmanju mogu\u0107u mjeru, kao i na za\u0161titi zaposlenih po nepristarsnost na svim poslovima od finansijskih, komercijalnih i ostalih pritisaka.<br \/>\n\u2022 Za\u0161tita povjerljivih informacija i vlasni\u010dkih prava pri pru\u017eanju usluga kalibracije etalonskih brojila elektri\u010dne energije,<br \/>\n\u2022 Stalno pove\u0107anje efikasnosti i efektivnosti rada kao i aktivno u\u010de\u0161\u0107e zaposlenih u planiranju, sprovo\u0111enju i vrednovanju svih aktivnosti rada Kalibracione laboratorije,<br \/>\n\u2022 Nabavka savremene opreme za rad kao i odr\u017eavanje postoje\u0107e,<br \/>\n\u2022 Kompetentnost zaposlenih za obavljanje svih laboratorijskih aktivnosti,<br \/>\n\u2022 Pove\u0107anje motivacije i u\u010dinka svih zaposlenih,<br \/>\n\u2022 Pobolj\u0161anje uslova rada zaposlenih,<br \/>\n\u2022 Preispitivanje definisanih ciljeva i politike minimum jednom godi\u0161nje od strane najvi\u0161eg rukovodstva da bih se sprovela kontrola nad sprovo\u0111enjem.<\/p>\n<p><a href=\"https:\/\/www.mikroelektronika.net\/wp-content\/uploads\/2025\/06\/Certifikat-o-akreditaciji-Kalibraciona-laboratorija.pdf\" target=\"_blank\" rel=\"noopener\">Certifikat o akreditaciji, 23.12.2024.god.<\/a><\/p>\n<p>Banja Luka, 12.6.2024. godine<\/p>\n<p style=\"text-align: right;\">Generalni direktor:<\/p>\n<p style=\"text-align: right;\">Mr Dragan Pra\u0161talo, dipl.ing.el.<\/p>\n<p>[\/vc_column_text][\/vc_column][\/vc_row]<\/p>\n<\/div>","protected":false},"excerpt":{"rendered":"<p>[vc_row][vc_column][vc_empty_space height=&#8221;90px&#8221;][vc_column_text] IZJAVA O POLITICI KVALITETA KALIBRACIONE LABORATORIJE Politika kvaliteta Kalibracione laboratorije je sastavni dio poslovne politike, politike integrisanog sistema menad\u017ementa i politike sigurnosti informacija preduze\u0107a Mikroelektronika a.d. Banja Luka. [&hellip;]<\/p>\n","protected":false},"author":1,"featured_media":0,"parent":0,"menu_order":0,"comment_status":"closed","ping_status":"closed","template":"no-footer.php","meta":[],"_links":{"self":[{"href":"https:\/\/www.mikroelektronika.net\/sr\/wp-json\/wp\/v2\/pages\/15197"}],"collection":[{"href":"https:\/\/www.mikroelektronika.net\/sr\/wp-json\/wp\/v2\/pages"}],"about":[{"href":"https:\/\/www.mikroelektronika.net\/sr\/wp-json\/wp\/v2\/types\/page"}],"author":[{"embeddable":true,"href":"https:\/\/www.mikroelektronika.net\/sr\/wp-json\/wp\/v2\/users\/1"}],"replies":[{"embeddable":true,"href":"https:\/\/www.mikroelektronika.net\/sr\/wp-json\/wp\/v2\/comments?post=15197"}],"version-history":[{"count":11,"href":"https:\/\/www.mikroelektronika.net\/sr\/wp-json\/wp\/v2\/pages\/15197\/revisions"}],"predecessor-version":[{"id":15858,"href":"https:\/\/www.mikroelektronika.net\/sr\/wp-json\/wp\/v2\/pages\/15197\/revisions\/15858"}],"wp:attachment":[{"href":"https:\/\/www.mikroelektronika.net\/sr\/wp-json\/wp\/v2\/media?parent=15197"}],"curies":[{"name":"wp","href":"https:\/\/api.w.org\/{rel}","templated":true}]}}