{"id":15408,"date":"2021-11-17T14:53:20","date_gmt":"2021-11-17T13:53:20","guid":{"rendered":"https:\/\/www.mikroelektronika.net\/?page_id=15408"},"modified":"2021-11-17T15:26:11","modified_gmt":"2021-11-17T14:26:11","slug":"izjava-o-primjeni-etickog-kodeksa-poslodavaca","status":"publish","type":"page","link":"https:\/\/www.mikroelektronika.net\/sr\/izjava-o-primjeni-etickog-kodeksa-poslodavaca\/","title":{"rendered":"Izjava o primjeni Eti\u010dkog kodeksa poslodavaca"},"content":{"rendered":"<div class=\"wpb-content-wrapper\"><p>[vc_row][vc_column][vc_empty_space height=&#8221;90px&#8221;][vc_column_text]<\/p>\n<h3 style=\"text-align: center;\"><strong>IZJAVA<\/strong><br \/>\no primjeni Eti\u010dkog kodeksa poslodavaca Republike Srpske<\/h3>\n<p>Prepoznaju\u0107i da je:<br \/>\nova IZJAVA sna\u017ena koliko i posve\u0107enost uprave preduze\u0107a da osigura dobru poslovnu etiku, integritet, transparentnost i odgovornost u svim aspektima djelovanja preduze\u0107a kroz upravlja\u010dke i mjere uskla\u0111enosti koje su implementirane od strane preduze\u0107a i da opredijeljenost prema poslovnom integritetu zna\u010di djelovanje preduze\u0107a na na\u010din slobodan od korupcije i<br \/>\nneeti\u010dkih praksi, kako bi se oja\u010dala vrijednost kompanije, obezbijedilo povjerenje investitora, djelovalo u najboljem interesu vlasnika i partnera, te doprinijelo odr\u017eivom rastu i razvoju kompanije i dru\u0161tva, Mikroelektronika a.d., sa JIB 4400991150008, i adresom Blagoja Parovi\u0107a bb, 78000 Banja Luka od strane uprave izjavljuje da \u0107e:<\/p>\n<p>1. Preduzimati korake na prevenciji, identifikaciji i reagovanju na neeti\u010dke i koruptivne prakse preduzete od strane svojih zaposlenih i\/ili povezanih pravnih lica, u skladu sa zakonima koji se primjenjuju na rad preduze\u0107a,<br \/>\n2. Suzdr\u017eati se od prakse ili aktivnosti koje zahtijevaju ili ohrabruju zaposlene da se uklju\u010de u neeti\u010dke ili koruptivne aktivnosti koje kr\u0161e bilo koji od zakona koji reguli\u0161u rad preduze\u0107a,<br \/>\n3. Raditi zajedno sa svojim poslovnim partnerima, interesnim grupama iz poslovnog sektora, regulatornim organima kao i kontrolnim agencijama kako bi se kreiralo konkurentno i transparentno poslovno okru\u017eenje, slobodno od korupcije,<br \/>\n4. Ostati posve\u0107eni poslovnoj izvrsnosti, kompetentnosti, u\u010denju i unapre\u0111enju u svim aspektima djelovanja preduze\u0107a, uklju\u010duju\u0107i i program eti\u010dke uskla\u0111enosti, i<br \/>\n5. Odr\u017eavati i implementirati protokole za reagovanje na poku\u0161aje, kao i slu\u010dajeve kr\u0161enja eti\u010dkih politika preduze\u0107a i\/ili naru\u0161avanje relevantnih antikoruptivnih zakona, koji podrazumijevaju i adekvatne mjere za saniranje.<\/p>\n<p>Potpisano od:<br \/>\nIme: Dragan Pra\u0161talo<br \/>\nPozicija: Generalni direktor<br \/>\nDatum: 08.10.2021.<br \/>\nBroj akta preduze\u0107a: 1-01-01\/21<\/p>\n<p><a href=\"https:\/\/www.mikroelektronika.net\/wp-content\/uploads\/2021\/11\/Eticki-kodeks-poslodavaca-RS.pdf\" target=\"_blank\" rel=\"noopener\">Eti\u010dki kodeks poslodavaca Republike Srpske (PDF)<\/a><br \/>\n<a href=\"https:\/\/www.mikroelektronika.net\/wp-content\/uploads\/2021\/11\/Izjava-o-primjeni-Eti\u010dkog-kodeksa-poslodavaca-Republike-Srpske.pdf\" target=\"_blank\" rel=\"noopener\">Izjava o primjeni Eti\u010dkog kodeksa poslodavaca Republike Srpske (PDF)<br \/>\n<\/a><\/p>\n<p>E-mail adresa za prijavu kr\u0161enja Eti\u010dkog kodeksa: <a href=\"mailto:etickikodeks@mikroelektronika.net\">etickikodeks@mikroelektronika.net<\/a>[\/vc_column_text][\/vc_column][\/vc_row]<\/p>\n<\/div>","protected":false},"excerpt":{"rendered":"<p>[vc_row][vc_column][vc_empty_space height=&#8221;90px&#8221;][vc_column_text] IZJAVA o primjeni Eti\u010dkog kodeksa poslodavaca Republike Srpske Prepoznaju\u0107i da je: ova IZJAVA sna\u017ena koliko i posve\u0107enost uprave preduze\u0107a da osigura dobru poslovnu etiku, integritet, transparentnost i odgovornost [&hellip;]<\/p>\n","protected":false},"author":1,"featured_media":0,"parent":0,"menu_order":0,"comment_status":"closed","ping_status":"closed","template":"no-footer.php","meta":[],"_links":{"self":[{"href":"https:\/\/www.mikroelektronika.net\/sr\/wp-json\/wp\/v2\/pages\/15408"}],"collection":[{"href":"https:\/\/www.mikroelektronika.net\/sr\/wp-json\/wp\/v2\/pages"}],"about":[{"href":"https:\/\/www.mikroelektronika.net\/sr\/wp-json\/wp\/v2\/types\/page"}],"author":[{"embeddable":true,"href":"https:\/\/www.mikroelektronika.net\/sr\/wp-json\/wp\/v2\/users\/1"}],"replies":[{"embeddable":true,"href":"https:\/\/www.mikroelektronika.net\/sr\/wp-json\/wp\/v2\/comments?post=15408"}],"version-history":[{"count":4,"href":"https:\/\/www.mikroelektronika.net\/sr\/wp-json\/wp\/v2\/pages\/15408\/revisions"}],"predecessor-version":[{"id":15419,"href":"https:\/\/www.mikroelektronika.net\/sr\/wp-json\/wp\/v2\/pages\/15408\/revisions\/15419"}],"wp:attachment":[{"href":"https:\/\/www.mikroelektronika.net\/sr\/wp-json\/wp\/v2\/media?parent=15408"}],"curies":[{"name":"wp","href":"https:\/\/api.w.org\/{rel}","templated":true}]}}