{"id":15632,"date":"2023-03-13T00:52:23","date_gmt":"2023-03-12T23:52:23","guid":{"rendered":"https:\/\/www.mikroelektronika.net\/?page_id=15632"},"modified":"2024-09-11T16:20:48","modified_gmt":"2024-09-11T14:20:48","slug":"politika-sigurnosti-informacija","status":"publish","type":"page","link":"https:\/\/www.mikroelektronika.net\/sr\/politika-sigurnosti-informacija\/","title":{"rendered":"Politika sigurnosti informacija"},"content":{"rendered":"<div class=\"wpb-content-wrapper\"><p>[vc_row][vc_column][vc_empty_space height=&#8221;90px&#8221;][vc_column_text]<\/p>\n<h3 style=\"text-align: center;\"><strong>POLITIKA SIGURNOSTI INFORMACIJA<\/strong><\/h3>\n<p>Preduze\u0107e Mikroelektronika a.d. Banja Luka uspostavlja politiku i ciljeve sigurnosti informacija da bi uspostavila mehanizme koji \u0107e spre\u010diti i otkloniti okolnosti koje mogu da dovedu do ugro\u017eavanja sigurnosti informacija informacione imovine.<\/p>\n<p>Politika sigurnosti informacija ima za cilj da na jasan i nedvosmislen na\u010din uka\u017ee na opredijeljenost preduze\u0107a Mikroelektronika a.d. Banja Luka da kontinuirano sprovodi i unapre\u0111uje svoje poslovanje u skladu sa zahtjevima me\u0111unarodnog standarda BAS EN ISO\/IEC 27001:2023. Preduze\u0107e je uspostavilo, sprovodi, odr\u017eava i pobolj\u0161ava integrisani sistem kvaliteta, za\u0161tite \u017eivotne sredine, sigurnosti informacija i kontinuiteta poslovanja u skladu sa zahtjevima navedenog standarda, svih zakonskih i relevantnih propisa u oblasti sigurnosti informacija.<\/p>\n<p>Rukovodstvo preduze\u0107a Mikroelektronika a.d. Banja Luka je opredeljeno da se bavi razmi\u0161ljanjem zasnovanom na rizicima, koji su identifikovani kao pretnja integrisanom sistemu upravljanja kvaliteta, za\u0161tite \u017eivotne sredine, sigurnosti informacija i kontinuiteta poslovanja.<\/p>\n<p>Namjena Politike sigurnosti informacija je da obezbedi i za\u0161titi informacije i imovinu preduze\u0107a Mikroelektronike a.d. i njenih klijenata od svih pretnji, internih ili eksternih, slu\u010dajnih ili namjernih kroz uspostavljanje, implementaciju, izvr\u0161avanje, nadziranje, preispitivanje, odr\u017eavanje i pobolj\u0161anje integrisanog sistema upravljanja kvaliteta, za\u0161tite \u017eivotne sredine, sigurnosti informacija i kontinuiteta poslovanja.<\/p>\n<p>Primjena ove politike i pravila je va\u017ena za odr\u017eavanje integriteta informacionog sistema u pru\u017eanju podr\u0161ke procesima unutar preduze\u0107a Mikroelektronike a.d. Banja Luka.<\/p>\n<p>Politikom sigirnosti informacija preduze\u0107e Mikroelektronika a.d. Banja Luka obezbje\u0111uje i garantuje:<\/p>\n<p>\u2022 Za\u0161titu informacione imovine od neovla\u0161\u0107enog pristupa,<br \/>\n\u2022 Osiguranje poverljivosti informacione imovine,<br \/>\n\u2022 Da informacije ne\u0107e biti otkrivene neovla\u0161\u0107enim osobama bilo slu\u010dajnim ili namernim aktivnostima,<br \/>\n\u2022 Odr\u017eavanje integriteta informacija kroz za\u0161titu od neovla\u0161\u0107ene izmjene,<br \/>\n\u2022 Raspolo\u017eivost najva\u017enijih i kriti\u010dnih informacija i informacionih sistema organizacije u trenutku kada su potrebne,<br \/>\n\u2022 Ispunjenost zakonodavnih, kontrolnih i regulatornih zahteva,<br \/>\n\u2022 Razvijanje, odr\u017eavanje i testiranje planova kontinuiteta poslovanja,<br \/>\n\u2022 Da \u0107e biti pru\u017eena podr\u0161ka ovoj Politici od strane najvi\u0161eg rukovodstva preduze\u0107a, kroz stalno planiranje i preispitivanje,<br \/>\n\u2022 Sigurnosti informacija u poslovnim procesima,<br \/>\n\u2022 Obu\u010davanje zaposlenih o zahtjevima sigurnosti informacija u svim organizacionim jedinicama,<br \/>\n\u2022 Da \u0107e se svi incidenti u vezi sigurnosti informacija i sigurnog rukovanja informacijama biti razmatrani i istra\u017eeni.<\/p>\n<p>Svi zaposleni, konsultanti, eksterni konsultanti, privremeno zaposleni i tre\u0107a lica sa kojima preduze\u0107e ima bilo kakvu poslovnu saradnju, treba da budu svijesni svojih obaveza i odgovornosti, definisanih u okviru njihovih opisa poslova ili ugovora, i da postupaju u skladu sa ovom politikom. Oni su odgovorni za o\u010duvanje povjerljivosti, dostupnosti i integriteta informacija i ostalih informacionih resursa preduze\u0107a Mikroelektronika a.d. Banja Luka u svim fazama njihovog \u017eivotnog ciklusa, kao i da svojim postupcima ne naru\u0161e njihovu sigurnost.<\/p>\n<p>Nepo\u0161tovanje Politike sigurnosti informacija povla\u010di za sobom disciplinsku odgovornost.<\/p>\n<p>Najvi\u0161e rukovodstvo preduze\u0107a Mikroelektronika a.d. Banja Luka obezbe\u0111uje da ova politika bude saop\u0161tena i razumljiva svim zainteresovanim stranama, implementirana i odr\u017eavana na svim nivoima u preduze\u0107u i najmanje jednom godi\u0161nje preispitivana, kako bi odgovorila na bilo kakve promene u ocjeni rizika ili planu postupanja sa rizikom.<\/p>\n<p>Ova politika je odobrena od strane generalnog direktora preduze\u0107a Mikroelektronika a.d. Banja Luka i obezbje\u0111uje okvir za dalje postavljanje relevantnih ciljeva preduze\u0107a i osnovne principe za uspostavl\u0458anje efikasnog integrisanog sistema upravljanja kvaliteta, za\u0161tite \u017eivotne sredine, sigurnosti informacija i kontinuiteta poslovanja.<br \/>\nRukovodstvo i svi zaposleni u preduze\u0107u Mikroelektronika a.d. Banja Luka su upoznati sa dokumentacijom integrisanog sistema upravljanja kvaliteta, za\u0161tite \u017eivotne sredine, sigurnosti informacija i kontinuiteta poslovanja ovom Politikom kvaliteta i ciljevima i svoje poslove obavljaju u skladu sa na\u010delima i postupcima opisanim u njima. Predstavnik rukovodatva za sisteme menad\u017ementa je odgovoran za sve aspekte obezbje\u0111enja kvalieta proizvoda i usluga u skladu sa sistemom kvaliteta.<\/p>\n<p>Banja Luka, 2.4.2024. godine<\/p>\n<p style=\"text-align: right;\">Generalni direktor:<\/p>\n<p style=\"text-align: right;\">mr Dragan Pra\u0161talo, dipl.ing.el.<\/p>\n<p>[\/vc_column_text][\/vc_column][\/vc_row]<\/p>\n<\/div>","protected":false},"excerpt":{"rendered":"<p>[vc_row][vc_column][vc_empty_space height=&#8221;90px&#8221;][vc_column_text] POLITIKA SIGURNOSTI INFORMACIJA Preduze\u0107e Mikroelektronika a.d. Banja Luka uspostavlja politiku i ciljeve sigurnosti informacija da bi uspostavila mehanizme koji \u0107e spre\u010diti i otkloniti okolnosti koje mogu da dovedu [&hellip;]<\/p>\n","protected":false},"author":1,"featured_media":0,"parent":0,"menu_order":0,"comment_status":"closed","ping_status":"closed","template":"no-footer.php","meta":[],"_links":{"self":[{"href":"https:\/\/www.mikroelektronika.net\/sr\/wp-json\/wp\/v2\/pages\/15632"}],"collection":[{"href":"https:\/\/www.mikroelektronika.net\/sr\/wp-json\/wp\/v2\/pages"}],"about":[{"href":"https:\/\/www.mikroelektronika.net\/sr\/wp-json\/wp\/v2\/types\/page"}],"author":[{"embeddable":true,"href":"https:\/\/www.mikroelektronika.net\/sr\/wp-json\/wp\/v2\/users\/1"}],"replies":[{"embeddable":true,"href":"https:\/\/www.mikroelektronika.net\/sr\/wp-json\/wp\/v2\/comments?post=15632"}],"version-history":[{"count":2,"href":"https:\/\/www.mikroelektronika.net\/sr\/wp-json\/wp\/v2\/pages\/15632\/revisions"}],"predecessor-version":[{"id":15816,"href":"https:\/\/www.mikroelektronika.net\/sr\/wp-json\/wp\/v2\/pages\/15632\/revisions\/15816"}],"wp:attachment":[{"href":"https:\/\/www.mikroelektronika.net\/sr\/wp-json\/wp\/v2\/media?parent=15632"}],"curies":[{"name":"wp","href":"https:\/\/api.w.org\/{rel}","templated":true}]}}