{"id":15635,"date":"2023-03-13T00:57:07","date_gmt":"2023-03-12T23:57:07","guid":{"rendered":"https:\/\/www.mikroelektronika.net\/?page_id=15635"},"modified":"2025-09-27T00:36:28","modified_gmt":"2025-09-26T22:36:28","slug":"politika-integrisanog-sistema-menadzmenta","status":"publish","type":"page","link":"https:\/\/www.mikroelektronika.net\/sr\/politika-integrisanog-sistema-menadzmenta\/","title":{"rendered":"Politika integrisanog sistema menad\u017ementa"},"content":{"rendered":"<div class=\"wpb-content-wrapper\"><p>[vc_row][vc_column][vc_empty_space height=&#8221;90px&#8221;][vc_column_text css=&#8221;&#8221;]<\/p>\n<h3 style=\"text-align: center;\"><strong>POLITIKA INTEGRISANOG SISTEMA MENAD\u017dMENTA<\/strong><\/h3>\n<p>Preduze\u0107e Mikroelektronika a.d. Banja Luka je jedna od vode\u0107ih kompanija koja se bavi razvojem i proizvodnjom mjernih ure\u0111aja i sistema iz oblasti mjerenja i daljinskog upravljanja potro\u0161njom elektri\u010dne energije. Pored navedenog preduze\u0107e pru\u017ea i uslugu inspekcije\/verifikacije brojila elektri\u010dne energije i uslugu kalibracije etalonskih brojila elektri\u010dne energije.<br \/>\nRukovodstvo preduze\u0107a Mikroelektronika a.d. Banja Luka se stara da se sve aktivnosti obavljaju prema dokumentovanim postupcima i u skladu sa zahtjevima standarda ISO 9001, ISO 14001, ISO 45001, ISO\/IEC 17020, ISO\/IEC 17025, ISO\/IEC 27001, ISO 22301 i zahtjevima MID direktive (Directive 2014\/32\/EU on Measuring Instruments), neprekidno pobolj\u0161avaju\u0107i efektivnost i efikasnost integrisanog sistema menad\u017ementa.<\/p>\n<p>Misija postojanja i poslovanja preduze\u0107a Mikroelektronika a.d. Banja Luka je ponuda visoko kvalitetnih proizvoda i prilago\u0111enih rje\u0161enja dizajniranih u skladu sa potrebama kupaca i svih zaineresovanih strana uz upotrebu vrhunske tehnologije u oblasti potro\u0161nje elektri\u010dne energije pri tome vode\u0107i ra\u010duna o za\u0161titi \u017eivotne sredine, za\u0161titi zdravlja i bezbjednosti na radu svih zaposlenih u preduze\u0107u i sigurnosti informacija.<br \/>\nVizija razvoja preduze\u0107a Mikroelektronika a.d. Banja Luka je potpuna kontrola nad upravljanjem potro\u0161njom elektri\u010dne energije i mogu\u0107nost prilago\u0111avanja potrebama svih korisnika u cilju ispunjenja energetskih zahtjeva.<\/p>\n<p>Mikroelektronika a.d. Banja Luka uspostavlja politiku i ciljeve integrisanog sistema menad\u017ementa u skladu sa identifikovanim eksternim i internim kontekstom organizacije i strate\u0161kim usmjerenjem. Rukovodstvo preduze\u0107a Mikroelektronika a.d. Banja Luka je opredeljeno da se bavi razmi\u0161ljanjem zasnovanom na rizicima, koji su identifikovani kao pretnja integrisanom sistemu menad\u017ementa.<\/p>\n<p>Rukovodstvo preduze\u0107a Mikroelektronika a.d. Banja Luka postavlja slede\u0107e glavne ciljeve integrisanog sistema menad\u017ementa:<\/p>\n<p>\u2022 Prepoznavanje \u017eelja i budu\u0107ih potreba kupaca i svih drugih zainteresovanih strana i njihovo ispunjavanje po kvalitetu i pouzdanosti, ekonomi\u010dnosti i po\u0161tovanju termina isporuke,<br \/>\n\u2022 Postavljanje mjerljivih ciljeva u svim procesima i redovno pra\u0107enje svih perfomansi procesa,<br \/>\n\u2022 Stalno pove\u0107anje efikasnosti i efektivnosti rada,<br \/>\n\u2022 Aktivno u\u010de\u0161\u0107e zaposlenih u planiranju, sprovo\u0111enju i vrednovanju svih aktivnosti u procesima,<br \/>\n\u2022 Nabavka savremene opreme za rad kao i odr\u017eavanje postoje\u0107e,<br \/>\n\u2022 Pove\u0107anje motivacije i u\u010dinka svih zaposlenih i pobolj\u0161avanje uslova rada zaposlenih,<br \/>\n\u2022 Utvr\u0111ivanje i upravljanje doga\u0111ajima koji mogu uzrokovati prekide klju\u010dnih poslovnih procesa,<br \/>\n\u2022 Minimiziranje uticaja doga\u0111aja koji mogu uzrokovati prekide poslovanja kroz sistemsko planiranje i obezbje\u0111enje brzog opravka klju\u010dnih poslovnih procesa kada do\u0111e do njihovog prekida,<br \/>\n\u2022 Provjerava da li je plan kontinuiteta poslovanja razvijen, da se sprovodi, redovno testira i a\u017eurira,<br \/>\n\u2022 Redovno preispituju i a\u017euriraju planirane strategije za kontinuitet kriti\u010dnih poslovnih procesa i usluga,<br \/>\n\u2022 Preispitivanje definisanih ciljeva i politike minimum jednom godi\u0161nje od strane najvi\u0161eg rukovodstva da bih se sprovela kontrola nad sprovo\u0111enjem.<br \/>\n\u2022 Obavlja sve poslovne aktivnosti u skladu sa odgovaraju\u0107im zakonima, propisima i drugim zahtjevima koji su vezani za sigurnost informacija.<\/p>\n<p>Preduze\u0107e Mikroelektronika a.d. Banja Luka kao i svi zaposleni su posve\u0107eni odr\u017eivom poslovanju i prepoznaju klimatske promjene kao ozbiljan globalni izazov, posve\u0107eni su spre\u010davanju i eliminisanju zaga\u0111ivanja \u017eivotne sredine kao i za\u0161titi zdravlja i bezbjednosti na radu zaposlenih i u tom cilju se:<\/p>\n<p>\u2022 Obavljaju sve poslovne aktivnosti u skladu sa odgovaraju\u0107im zakonima, propisima i drugim zahtjevima o za\u0161titi \u017eivotne sredine, klimatskim promjenama i zdravlju i bezbjednosti na radu,<br \/>\n\u2022 Defini\u0161u i sprovode pravila organizacije koja nisu predvi\u0111ena zakonskim propisima, a u cilju pobolj\u0161avanja sistema za\u0161tite \u017eivotne sredine, zdravlja i bezbjednosti na radu,<br \/>\n\u2022 Vodi ra\u010duna o za\u0161titi zdravlja i bezbjednosti svih zaposlenih kao i svih zaintersovanih strana, obezbje\u0111uju sigurni uslovi za rad u cilju spre\u010davanja povreda i naru\u0161avanja zdravlja u vezi sa radom,<br \/>\n\u2022 Vr\u0161i eliminisanje opasnosti i smanjivanje rizika po zdravlje i bezbjednost na radu,<br \/>\n\u2022 Vr\u0161i identifikovanje svih aspekata \u017eivotne sredine koji imaju ili mogu imati uticaj na \u017eivotnu sredinu, u cilju spre\u010davanja zaga\u0111enja \u017eivotne sredine,<br \/>\n\u2022 \u0160tede resursi, minimizira ili elemini\u0161e upotreba opasnih\/\u0161tetnih materija i vr\u0161i kontrolisano postupanje sa otpadom,<br \/>\n\u2022 Razmatraju mi\u0161ljenja i sugestije svih zainteresovanih strana i preduzimaju odgovaraju\u0107e mjere u cilju unapre\u0111enja za\u0161tite \u017eivotne sredine, bezbjednosti i za\u0161tite na radu, smanjenu uticaja na klimatske promjene.<br \/>\n\u2022 Podsti\u010de izgradnju svijesti kod svih zaposlenih, kupaca i drugih zainteresovanih strana o sopstvenom opredeljenu za za\u0161titu \u017eivotne sredine, zdravlja i bezbjednosti na radu, da budu svjesni koliko je va\u017ena njihova posve\u0107enost klimatskim promjenama i kako njihovo pona\u0161anje mo\u017ee uticati na smanjenje negativnih efekata.<br \/>\n\u2022 Prepoznavanje i spre\u010davanje pojava eventualnih negativnih uticaja na \u017eivotnu sredinu,<br \/>\n\u2022 Bavi smanjenjem emisije ugljen-dioksida i svog karbonskog otiska, pobolj\u0161anju energetske efikasnosti<br \/>\n\u2022 Primjenjuju zahtjevi direktiva, Directive 2012\/19\/EU of the EUROPEAN PARLAMENT AND OF THE COUNCIL on waste electrical and electronic equipment (WEEE) i Directive 2011\/65\/EU of the EUROPEAN PARLIAMENT AND OF THE COUNCIL on the restriction of the use of certain hazardous substances in electrical and electronic equipment (RoHS).<\/p>\n<p>Rukovodstvo i svi zaposleni u preduze\u0107u Mikroelektronika a.d. Banja Luka su upoznati sa dokumentacijom integrisanog sistema menad\u017ementa, ovom Politikom kvaliteta i ciljevima i svoje poslove obavljaju u skladu sa na\u010delima i postupcima opisanim u njima. Predstavnik rukovodatva za sisteme menad\u017ementa je odgovoran za sve aspekte obezbje\u0111enja kvalieta proizvoda i usluga u skladu sa integrisanim sistemom menad\u017ementa.<\/p>\n<p style=\"text-align: left;\"><a href=\"https:\/\/www.mikroelektronika.net\/wp-content\/uploads\/2024\/09\/Certifikat-ISO-9001.pdf\">Certifikat ISO 9001<\/a><br \/>\n<a href=\"https:\/\/www.mikroelektronika.net\/wp-content\/uploads\/2024\/09\/Certifikat-ISO-14001.pdf\" target=\"_blank\" rel=\"noopener\">Certifikat ISO 14001<\/a><br \/>\n<a href=\"https:\/\/www.mikroelektronika.net\/wp-content\/uploads\/2025\/09\/Certifikat-ISO-22301.pdf\" target=\"_blank\" rel=\"noopener\">Certifikat ISO 22301<\/a><br \/>\n<a href=\"https:\/\/www.mikroelektronika.net\/wp-content\/uploads\/2025\/09\/Certifikat-ISO-IEC-27001.pdf\" target=\"_blank\" rel=\"noopener\">Certifikat ISO-IEC 27001<\/a><br \/>\n<a href=\"https:\/\/www.mikroelektronika.net\/wp-content\/uploads\/2023\/03\/Certifikat-ISO-45001.pdf\" target=\"_blank\" rel=\"noopener\">Certifikat ISO 45001<\/a><br \/>\n<a href=\"https:\/\/www.mikroelektronika.net\/wp-content\/uploads\/2024\/09\/Certifikat-MID.pdf\" target=\"_blank\" rel=\"noopener\">Certifikat MID<\/a><\/p>\n<p>Banja Luka, 16.12.2024. godine<\/p>\n<p style=\"text-align: right;\">Generalni direktor:<\/p>\n<p style=\"text-align: right;\">mr Dragan Pra\u0161talo, dipl.ing.el.<\/p>\n<p>[\/vc_column_text][\/vc_column][\/vc_row]<\/p>\n<\/div>","protected":false},"excerpt":{"rendered":"<p>[vc_row][vc_column][vc_empty_space height=&#8221;90px&#8221;][vc_column_text css=&#8221;&#8221;] POLITIKA INTEGRISANOG SISTEMA MENAD\u017dMENTA Preduze\u0107e Mikroelektronika a.d. Banja Luka je jedna od vode\u0107ih kompanija koja se bavi razvojem i proizvodnjom mjernih ure\u0111aja i sistema iz oblasti mjerenja [&hellip;]<\/p>\n","protected":false},"author":1,"featured_media":0,"parent":0,"menu_order":0,"comment_status":"closed","ping_status":"closed","template":"no-footer.php","meta":[],"_links":{"self":[{"href":"https:\/\/www.mikroelektronika.net\/sr\/wp-json\/wp\/v2\/pages\/15635"}],"collection":[{"href":"https:\/\/www.mikroelektronika.net\/sr\/wp-json\/wp\/v2\/pages"}],"about":[{"href":"https:\/\/www.mikroelektronika.net\/sr\/wp-json\/wp\/v2\/types\/page"}],"author":[{"embeddable":true,"href":"https:\/\/www.mikroelektronika.net\/sr\/wp-json\/wp\/v2\/users\/1"}],"replies":[{"embeddable":true,"href":"https:\/\/www.mikroelektronika.net\/sr\/wp-json\/wp\/v2\/comments?post=15635"}],"version-history":[{"count":5,"href":"https:\/\/www.mikroelektronika.net\/sr\/wp-json\/wp\/v2\/pages\/15635\/revisions"}],"predecessor-version":[{"id":15865,"href":"https:\/\/www.mikroelektronika.net\/sr\/wp-json\/wp\/v2\/pages\/15635\/revisions\/15865"}],"wp:attachment":[{"href":"https:\/\/www.mikroelektronika.net\/sr\/wp-json\/wp\/v2\/media?parent=15635"}],"curies":[{"name":"wp","href":"https:\/\/api.w.org\/{rel}","templated":true}]}}