{"id":15797,"date":"2024-05-28T22:25:37","date_gmt":"2024-05-28T20:25:37","guid":{"rendered":"https:\/\/www.mikroelektronika.net\/?page_id=15797"},"modified":"2024-05-28T22:30:41","modified_gmt":"2024-05-28T20:30:41","slug":"e-fiskalizacija","status":"publish","type":"page","link":"https:\/\/www.mikroelektronika.net\/sr\/e-fiskalizacija\/","title":{"rendered":"e-Fiskalizacija"},"content":{"rendered":"<div class=\"wpb-content-wrapper\"><p>[vc_row][vc_column][vc_empty_space height=&#8221;90px&#8221;][vc_row_inner][vc_column_inner width=&#8221;1\/6&#8243;][\/vc_column_inner][vc_column_inner width=&#8221;2\/3&#8243;]<div id='ins-heading-69d60251aafab' class='section-heading ins-heading text-center default   ' style='margin-top:0; margin-bottom:0'><h1 class='section-heading-title margin-10px-top none font-weight-400 no-letter-spacing'>e-Fiskalizacija<\/h1><h6 class='section-heading-subtitle title-font  default no-letter-spacing'>Mikroelektronika i dalje sa vama!<\/h6><\/div><script type=\"text\/javascript\">\n\t\t(function(jQuery) {jQuery(\"head\").append(\"<style>#ins-heading-69d60251aafab h1 {color: #2f353e;}#ins-heading-69d60251aafab .section-heading-subtitle {color: #dd3333;}<\/style>\")\n\t\t\t\t\t})(jQuery);\n\t\t\t\t\t\t<\/script>[vc_empty_space height=&#8221;20px&#8221;][vc_column_text]<\/p>\n<h3 style=\"text-align: center;\"><strong>Fiskalizujte se brzo i jednostavno!<\/strong><\/h3>\n<p>E-fiskalizacija donosi nove promjene, ali zna\u010dajno olak\u0161ava poslovanje. Uz na\u0161u pomo\u0107, nau\u010di\u0107ete kako da bez pote\u0161ko\u0107a u\u0111ete u novi proces e fiskalizacije. Na\u0161a stru\u010dna podr\u0161ka osigura\u0107e vam besprijekoran prelazak na novi sistem, uz minimalan trud i maksimalnu efikasnost.<\/p>\n<p>Mikroelektronika je ve\u0107 15 godina va\u0161 pouzdan partner u tehnolo\u0161kim inovacijama i podr\u0161ci. Ponosni smo na na\u0161 kontinuirani rad i predanost korisnicima. Na\u0161a tehni\u010dkai servisna podr\u0161ka je uvijek uz vas, spremna da vam pomogne u svakom trenutku.<\/p>\n<p>Komplet uputstava za fiskalizaciju:\u00a0<a href=\"https:\/\/poreskaupravars.org\/e-fiskalizacija\/\" target=\"_blank\" rel=\"noopener\">https:\/\/poreskaupravars.org\/e-fiskalizacija\/<\/a>[\/vc_column_text][\/vc_column_inner][vc_column_inner width=&#8221;1\/6&#8243;][\/vc_column_inner][\/vc_row_inner][vc_empty_space height=&#8221;20px&#8221;][vc_row_inner gap=&#8221;25&#8243;][vc_column_inner width=&#8221;1\/3&#8243;]<div id='ins-icon-69d60251ab02f' class='ins-icon-wrapper last-paragraph-no-margin margin-20px-bottom   text-center  '><div class='ins-icon-box-icon margin-20px-bottom ins-top-icon-basic icon-large'><i class='fa fa-codepen'><\/i><\/div><div class='ins-icon-box-content'><div class='ins-icon-box-title title-font margin-15px-bottom sm-margin-5px-bottom text-extra-large font-weight-500 letter-spacing-1'>Posve\u0107ena podr\u0161ka<\/div><p class='ins-icon-box-text  default'>Ure\u0111aje proizvodimo u BIH i garantujemo brzu i efikasnu podr\u0161ku svim na\u0161im partnerima i korisnicima<\/p><\/div><\/div><script type=\"text\/javascript\">\n\t\t(function(jQuery) {jQuery(\"head\").append(\"<style>#ins-icon-69d60251ab02f .ins-icon-box-icon i, #ins-icon-69d60251ab02f .ins-float-icon-inner i, #ins-icon-69d60251ab02f .ins-float-right-icon-inner i {color: #ea2e49;}#ins-icon-69d60251ab02f .ins-icon-box-title, #ins-icon-69d60251ab02f .ins-float-icon-box-title {color: #2f353e;}<\/style>\")\n\t\t\t\t\t})(jQuery);\n\t\t\t\t\t\t<\/script>[\/vc_column_inner][vc_column_inner width=&#8221;1\/3&#8243;]<div id='ins-icon-69d60251ab08a' class='ins-icon-wrapper last-paragraph-no-margin margin-20px-bottom   text-center  '><div class='ins-icon-box-icon margin-20px-bottom ins-top-icon-basic icon-large'><i class='fa fa-globe'><\/i><\/div><div class='ins-icon-box-content'><div class='ins-icon-box-title title-font margin-15px-bottom sm-margin-5px-bottom text-extra-large font-weight-500 letter-spacing-1'>Posljednji standardi<\/div><p class='ins-icon-box-text  default'>Konstantno se pridr\u017eavamo svih standarda i sertifikata, da bismo ostvarili punu kompatibilnost<\/p><\/div><\/div><script type=\"text\/javascript\">\n\t\t(function(jQuery) {jQuery(\"head\").append(\"<style>#ins-icon-69d60251ab08a .ins-icon-box-icon i, #ins-icon-69d60251ab08a .ins-float-icon-inner i, #ins-icon-69d60251ab08a .ins-float-right-icon-inner i {color: #ea2e49;}#ins-icon-69d60251ab08a .ins-icon-box-title, #ins-icon-69d60251ab08a .ins-float-icon-box-title {color: #2f353e;}<\/style>\")\n\t\t\t\t\t})(jQuery);\n\t\t\t\t\t\t<\/script>[\/vc_column_inner][vc_column_inner width=&#8221;1\/3&#8243;]<div id='ins-icon-69d60251ab0c3' class='ins-icon-wrapper last-paragraph-no-margin margin-20px-bottom   text-center  '><div class='ins-icon-box-icon margin-20px-bottom ins-top-icon-basic icon-large'><i class='fa fa-sliders'><\/i><\/div><div class='ins-icon-box-content'><div class='ins-icon-box-title title-font margin-15px-bottom sm-margin-5px-bottom text-extra-large font-weight-500 letter-spacing-1'>Opse\u017eno testiranje<\/div><p class='ins-icon-box-text  default'>Kompleksne procedure testiranja obezbje\u0111uju maksimalan kvalitet i izdr\u017eljivost na\u0161ih proizvoda<\/p><\/div><\/div><script type=\"text\/javascript\">\n\t\t(function(jQuery) {jQuery(\"head\").append(\"<style>#ins-icon-69d60251ab0c3 .ins-icon-box-icon i, #ins-icon-69d60251ab0c3 .ins-float-icon-inner i, #ins-icon-69d60251ab0c3 .ins-float-right-icon-inner i {color: #ea2e49;}#ins-icon-69d60251ab0c3 .ins-icon-box-title, #ins-icon-69d60251ab0c3 .ins-float-icon-box-title {color: #2f353e;}<\/style>\")\n\t\t\t\t\t})(jQuery);\n\t\t\t\t\t\t<\/script>[\/vc_column_inner][\/vc_row_inner][vc_empty_space][\/vc_column][\/vc_row][vc_row full_width=&#8221;stretch_row_content_no_spaces&#8221; disable_element=&#8221;yes&#8221;][vc_column][vc_row_inner equal_height=&#8221;yes&#8221;][vc_column_inner width=&#8221;1\/2&#8243; css=&#8221;.vc_custom_1553649577798{padding-top: 20% !important;padding-right: 15% !important;padding-bottom: 20% !important;padding-left: 15% !important;background-color: #212121 !important;}&#8221;]<div id='ins-heading-69d60251ab0f2' class='section-heading ins-heading text-left default   ' style='margin-top:0; margin-bottom:40px'><h6 class='section-heading-subtitle margin-0px-bottom title-font text-extra-large no-letter-spacing default'>Fiskalna kasa-printer ME K20<\/h6><h2 class='section-heading-title margin-10px-top none font-weight-400 no-letter-spacing'>Sve \u0161to je potrebno prodajnom mjestu!<\/h2><\/div><script type=\"text\/javascript\">\n\t\t(function(jQuery) {jQuery(\"head\").append(\"<style>#ins-heading-69d60251ab0f2 h2 {color: #f5f5f5;}#ins-heading-69d60251ab0f2 .section-heading-subtitle {color: #f5f5f5;}<\/style>\")\n\t\t\t\t\t})(jQuery);\n\t\t\t\t\t\t<\/script><div id='ins-list-icon-69d60251ab124' class='ins-simple-icon-list margin-20px-bottom ins-icon-list-simple list-icon-medium select   vc_custom_1553645192635'><ul class='ins-simple-icon-list-inner list-style-none no-padding'><li class='ins-list-style margin-10px-bottom position-relative'><i class='ins-icon-list-icon margin-10px-right display-inline-block position-absolute left-0 fa fa-angle-right'><\/i> 12000 artikala<\/li><li class='ins-list-style margin-10px-bottom position-relative'><i class='ins-icon-list-icon margin-10px-right display-inline-block position-absolute left-0 fa fa-angle-right'><\/i> jednostavan meni na na\u0161em jeziku<\/li><li class='ins-list-style margin-10px-bottom position-relative'><i class='ins-icon-list-icon margin-10px-right display-inline-block position-absolute left-0 fa fa-angle-right'><\/i> integrisan GPRS terminal<\/li><li class='ins-list-style margin-10px-bottom position-relative'><i class='ins-icon-list-icon margin-10px-right display-inline-block position-absolute left-0 fa fa-angle-right'><\/i> velika brzina \u0161tampe<\/li><li class='ins-list-style margin-10px-bottom position-relative'><i class='ins-icon-list-icon margin-10px-right display-inline-block position-absolute left-0 fa fa-angle-right'><\/i> SEIKO termalni \u0161tampa\u010di velike pouzdanosti<\/li><li class='ins-list-style margin-10px-bottom position-relative'><i class='ins-icon-list-icon margin-10px-right display-inline-block position-absolute left-0 fa fa-angle-right'><\/i> jednostavno umetanje papirnih rolni (easy load)<\/li><\/ul><\/div><script type=\"text\/javascript\">\n\t\t(function(jQuery) {jQuery(\"head\").append(\"<style>#ins-list-icon-69d60251ab124 .ins-list-style .ins-icon-list-icon{color: #ffffff;}#ins-list-icon-69d60251ab124 .ins-list-style{color: #adadad;}<\/style>\")\n\t\t\t\t\t})(jQuery);\n\t\t\t\t\t\t<\/script><div id='ins-button-69d60251ab168' class='ins-button-wrapper text-left 40px  '><a class='ins-button title-font letter-spacing-1 text-white pc-border pc-bg btn-square font-weight-400 btn-medium text-uppercase ' href='https:\/\/www.mikroelektronika.net\/sr\/fiskalizacija-mek20\/'  target='_self'><span>Vi\u0161e informacija o proizvodu<\/span><\/a><\/div><script type=\"text\/javascript\">\n\t\t(function(jQuery) {jQuery(\"head\").append(\"<style>#ins-button-69d60251ab168 .ins-button {color: #2f353e;}#ins-button-69d60251ab168 .ins-button:hover {color: #f5f5f5;}#ins-button-69d60251ab168 .ins-button {background-color: #f5f5f5;}#ins-button-69d60251ab168 .ins-button:hover {background-color: rgba(47,53,62,0.01);}#ins-button-69d60251ab168 .ins-button {border-color: #f5f5f5;}#ins-button-69d60251ab168 .ins-button:hover {border-color: #f5f5f5;}#ins-button-69d60251ab168.ins-button-wrapper {margin-top: 40px;}<\/style>\")\n\t\t\t\t\t})(jQuery);\n\t\t\t\t\t\t<\/script>[\/vc_column_inner][vc_column_inner width=&#8221;1\/2&#8243; css=&#8221;.vc_custom_1553630023856{background-image: url(https:\/\/www.mikroelektronika.net\/wp-content\/uploads\/2019\/03\/mek20.jpg?id=14674) !important;background-position: center !important;background-repeat: no-repeat !important;background-size: cover !important;}&#8221;][vc_empty_space height=&#8221;300px&#8221;][\/vc_column_inner][\/vc_row_inner][vc_row_inner equal_height=&#8221;yes&#8221;][vc_column_inner width=&#8221;1\/2&#8243; css=&#8221;.vc_custom_1553630065732{background-image: url(https:\/\/www.mikroelektronika.net\/wp-content\/uploads\/2019\/03\/mep1000.jpg?id=14675) !important;background-position: center !important;background-repeat: no-repeat !important;background-size: cover !important;}&#8221;][vc_empty_space height=&#8221;300px&#8221;][\/vc_column_inner][vc_column_inner width=&#8221;1\/2&#8243; css=&#8221;.vc_custom_1529668251413{padding-top: 20% !important;padding-right: 15% !important;padding-bottom: 20% !important;padding-left: 15% !important;background-color: #212121 !important;}&#8221;]<div id='ins-heading-69d60251ab196' class='section-heading ins-heading text-left default   ' style='margin-top:0; margin-bottom:40px'><h6 class='section-heading-subtitle margin-0px-bottom title-font text-extra-large no-letter-spacing default'>Fiskalni printer ME P1000<\/h6><h2 class='section-heading-title margin-10px-top none font-weight-400 no-letter-spacing'>Va\u0161 najpouzdaniji saradnik!<\/h2><\/div><script type=\"text\/javascript\">\n\t\t(function(jQuery) {jQuery(\"head\").append(\"<style>#ins-heading-69d60251ab196 h2 {color: #f5f5f5;}#ins-heading-69d60251ab196 .section-heading-subtitle {color: #f5f5f5;}<\/style>\")\n\t\t\t\t\t})(jQuery);\n\t\t\t\t\t\t<\/script><div id='ins-list-icon-69d60251ab1be' class='ins-simple-icon-list margin-20px-bottom ins-icon-list-simple list-icon-medium select   vc_custom_1553645182674'><ul class='ins-simple-icon-list-inner list-style-none no-padding'><li class='ins-list-style margin-10px-bottom position-relative'><i class='ins-icon-list-icon margin-10px-right display-inline-block position-absolute left-0 fa fa-angle-right'><\/i> 60000 artikala<\/li><li class='ins-list-style margin-10px-bottom position-relative'><i class='ins-icon-list-icon margin-10px-right display-inline-block position-absolute left-0 fa fa-angle-right'><\/i> integrisan GPRS terminal<\/li><li class='ins-list-style margin-10px-bottom position-relative'><i class='ins-icon-list-icon margin-10px-right display-inline-block position-absolute left-0 fa fa-angle-right'><\/i> novi unaprije\u0111eni F-Link ME sa prodajnom aplikacijom Mikro POS<\/li><li class='ins-list-style margin-10px-bottom position-relative'><i class='ins-icon-list-icon margin-10px-right display-inline-block position-absolute left-0 fa fa-angle-right'><\/i> velika brzina \u0161tampe<\/li><li class='ins-list-style margin-10px-bottom position-relative'><i class='ins-icon-list-icon margin-10px-right display-inline-block position-absolute left-0 fa fa-angle-right'><\/i> SEIKO termalni \u0161tampa\u010di velike pouzdanosti<\/li><li class='ins-list-style margin-10px-bottom position-relative'><i class='ins-icon-list-icon margin-10px-right display-inline-block position-absolute left-0 fa fa-angle-right'><\/i> jednostavno umetanje papirnih rolni (easy load)<\/li><\/ul><\/div><script type=\"text\/javascript\">\n\t\t(function(jQuery) {jQuery(\"head\").append(\"<style>#ins-list-icon-69d60251ab1be .ins-list-style .ins-icon-list-icon{color: #ffffff;}#ins-list-icon-69d60251ab1be .ins-list-style{color: #adadad;}<\/style>\")\n\t\t\t\t\t})(jQuery);\n\t\t\t\t\t\t<\/script><div id='ins-button-69d60251ab1ee' class='ins-button-wrapper text-left 40px  '><a class='ins-button title-font letter-spacing-1 text-white pc-border pc-bg btn-square font-weight-400 btn-medium text-uppercase ' href='https:\/\/www.mikroelektronika.net\/sr\/fiskalizacija-mep1000\/'  target='_self'><span>Vi\u0161e informacija o proizvodu<\/span><\/a><\/div><script type=\"text\/javascript\">\n\t\t(function(jQuery) {jQuery(\"head\").append(\"<style>#ins-button-69d60251ab1ee .ins-button {color: #2f353e;}#ins-button-69d60251ab1ee .ins-button:hover {color: #f5f5f5;}#ins-button-69d60251ab1ee .ins-button {background-color: #f5f5f5;}#ins-button-69d60251ab1ee .ins-button:hover {background-color: rgba(47,53,62,0.01);}#ins-button-69d60251ab1ee .ins-button {border-color: #f5f5f5;}#ins-button-69d60251ab1ee .ins-button:hover {border-color: #f5f5f5;}#ins-button-69d60251ab1ee.ins-button-wrapper {margin-top: 40px;}<\/style>\")\n\t\t\t\t\t})(jQuery);\n\t\t\t\t\t\t<\/script>[\/vc_column_inner][\/vc_row_inner][\/vc_column][\/vc_row][vc_row full_width=&#8221;stretch_row&#8221; disable_element=&#8221;yes&#8221;][vc_column][vc_empty_space height=&#8221;50px&#8221;]<div class=\"ins-client-logos-holder ins-logo-carousel-holder\"><div id=\"ins-icon-69d60251ab215\" class=\"ins-client-logos client-logos-grid ins-clients-logo-grid ins-clients-logo-grid-4   \" data-cols=\"4\" data-dots=\"false\">\t\t\t<div class=\"client-logo ins-clients-logo-grid-item\">\n\t\t\t\t<!-- Logo Link -->\n\t\t\t\t<a >\n\t\t\t\t\t<!-- Logo Image SRC -->\n\t\t\t\t\t<img src=\"\" alt=\"clients-logo\">\n\t\t\t\t<\/a>\n\t\t\t<\/div>\t\n\t\t\t\n                     \n\n\n\t\t\t\n\t\t\t\t\t\n\t\t\t\t\t\t<div class=\"client-logo ins-clients-logo-grid-item\">\n\t\t\t\t<!-- Logo Link -->\n\t\t\t\t<a >\n\t\t\t\t\t<!-- Logo Image SRC -->\n\t\t\t\t\t<img src=\"\" alt=\"clients-logo\">\n\t\t\t\t<\/a>\n\t\t\t<\/div>\t\n\t\t\t\n                     \n\n\n\t\t\t\n\t\t\t\t\t\n\t\t\t\t\t\t<div class=\"client-logo ins-clients-logo-grid-item\">\n\t\t\t\t<!-- Logo Link -->\n\t\t\t\t<a >\n\t\t\t\t\t<!-- Logo Image SRC -->\n\t\t\t\t\t<img src=\"\" alt=\"clients-logo\">\n\t\t\t\t<\/a>\n\t\t\t<\/div>\t\n\t\t\t\n                     \n\n\n\t\t\t\n\t\t\t\t\t\n\t\t\t\t\t\t<div class=\"client-logo ins-clients-logo-grid-item\">\n\t\t\t\t<!-- Logo Link -->\n\t\t\t\t<a >\n\t\t\t\t\t<!-- Logo Image SRC -->\n\t\t\t\t\t<img src=\"\" alt=\"clients-logo\">\n\t\t\t\t<\/a>\n\t\t\t<\/div>\t\n\t\t\t\n                     \n\n\n\t\t\t\n\t\t\t\t\t\n\t\t\t\t\t\t<div class=\"client-logo ins-clients-logo-grid-item\">\n\t\t\t\t<!-- Logo Link -->\n\t\t\t\t<a >\n\t\t\t\t\t<!-- Logo Image SRC -->\n\t\t\t\t\t<img src=\"\" alt=\"clients-logo\">\n\t\t\t\t<\/a>\n\t\t\t<\/div>\t\n\t\t\t\n                     \n\n\n\t\t\t\n\t\t\t\t\t\n\t\t\t\t\t\t<div class=\"client-logo ins-clients-logo-grid-item\">\n\t\t\t\t<!-- Logo Link -->\n\t\t\t\t<a >\n\t\t\t\t\t<!-- Logo Image SRC -->\n\t\t\t\t\t<img src=\"\" alt=\"clients-logo\">\n\t\t\t\t<\/a>\n\t\t\t<\/div>\t\n\t\t\t\n                     \n\n\n\t\t\t\n\t\t\t\t\t\n\t\t\t\t\t\t<div class=\"client-logo ins-clients-logo-grid-item\">\n\t\t\t\t<!-- Logo Link -->\n\t\t\t\t<a >\n\t\t\t\t\t<!-- Logo Image SRC -->\n\t\t\t\t\t<img src=\"\" alt=\"clients-logo\">\n\t\t\t\t<\/a>\n\t\t\t<\/div>\t\n\t\t\t\n                     \n\n\n\t\t\t\n\t\t\t\t\t\n\t\t\t\t\t\t<div class=\"client-logo ins-clients-logo-grid-item\">\n\t\t\t\t<!-- Logo Link -->\n\t\t\t\t<a >\n\t\t\t\t\t<!-- Logo Image SRC -->\n\t\t\t\t\t<img src=\"\" alt=\"clients-logo\">\n\t\t\t\t<\/a>\n\t\t\t<\/div>\t\n\t\t\t\n                     \n\n\n\t\t\t\n\t\t\t\t\t\n\t\t\t\t\t\t<div class=\"client-logo ins-clients-logo-grid-item\">\n\t\t\t\t<!-- Logo Link -->\n\t\t\t\t<a >\n\t\t\t\t\t<!-- Logo Image SRC -->\n\t\t\t\t\t<img src=\"\" alt=\"clients-logo\">\n\t\t\t\t<\/a>\n\t\t\t<\/div>\t\n\t\t\t\n                     \n\n\n\t\t\t\n\t\t\t\t\t\n\t\t\t\t\t\t<div class=\"client-logo ins-clients-logo-grid-item\">\n\t\t\t\t<!-- Logo Link -->\n\t\t\t\t<a >\n\t\t\t\t\t<!-- Logo Image SRC -->\n\t\t\t\t\t<img src=\"\" alt=\"clients-logo\">\n\t\t\t\t<\/a>\n\t\t\t<\/div>\t\n\t\t\t\n                     \n\n\n\t\t\t\n\t\t\t\t\t\n\t\t\t<\/div><\/div>\t\t\n\t\t<script type=\"text\/javascript\">\n\t\t(function(jQuery) {\n\n\t\t\n\t\t\t\t\t\n\t\t\t\t\t})(jQuery);\n\t\t\t\t\t\t<\/script>\n\n    \n\n\t\t\n\t\t <script type=\"text\/javascript\">\n                      \n\njQuery('#ins-icon-69d60251ab215.ins-logos-carousel').slick({\n  arrows: false,\n                 dots: false,\n    slidesToShow: 4,\n      \n        slidesToScroll: 3,\n\n     responsive: [\n    {\n      breakpoint: 1024,\n      settings: {\n        slidesToShow: 3,\n        slidesToScroll: 3,\n     dots: false,\n      }\n    },\n    {\n      breakpoint: 600,\n      settings: {\n        slidesToShow: 2,\n        slidesToScroll: 2\n      }\n    },\n    {\n      breakpoint: 480,\n      settings: {\n        slidesToShow: 1,\n        slidesToScroll: 1\n      }\n    }\n   \n  ]\n\n  });\n\t\t\t\t\t\t<\/script>\n\t\t\n\t\t[vc_empty_space height=&#8221;50px&#8221;][\/vc_column][\/vc_row][vc_row full_width=&#8221;stretch_row&#8221; disable_element=&#8221;yes&#8221;][vc_column][vc_empty_space height=&#8221;50px&#8221;][vc_single_image image=&#8221;14647&#8243; img_size=&#8221;large&#8221; alignment=&#8221;center&#8221;][vc_empty_space height=&#8221;20px&#8221;][\/vc_column][\/vc_row]<\/p>\n<\/div>","protected":false},"excerpt":{"rendered":"<p>[vc_row][vc_column][vc_empty_space height=&#8221;90px&#8221;][vc_row_inner][vc_column_inner width=&#8221;1\/6&#8243;][\/vc_column_inner][vc_column_inner width=&#8221;2\/3&#8243;][vc_empty_space height=&#8221;20px&#8221;][vc_column_text] Fiskalizujte se brzo i jednostavno! E-fiskalizacija donosi nove promjene, ali zna\u010dajno olak\u0161ava poslovanje. Uz na\u0161u pomo\u0107, nau\u010di\u0107ete kako da bez pote\u0161ko\u0107a u\u0111ete u novi proces [&hellip;]<\/p>\n","protected":false},"author":1,"featured_media":0,"parent":0,"menu_order":0,"comment_status":"closed","ping_status":"closed","template":"no-footer.php","meta":[],"_links":{"self":[{"href":"https:\/\/www.mikroelektronika.net\/sr\/wp-json\/wp\/v2\/pages\/15797"}],"collection":[{"href":"https:\/\/www.mikroelektronika.net\/sr\/wp-json\/wp\/v2\/pages"}],"about":[{"href":"https:\/\/www.mikroelektronika.net\/sr\/wp-json\/wp\/v2\/types\/page"}],"author":[{"embeddable":true,"href":"https:\/\/www.mikroelektronika.net\/sr\/wp-json\/wp\/v2\/users\/1"}],"replies":[{"embeddable":true,"href":"https:\/\/www.mikroelektronika.net\/sr\/wp-json\/wp\/v2\/comments?post=15797"}],"version-history":[{"count":3,"href":"https:\/\/www.mikroelektronika.net\/sr\/wp-json\/wp\/v2\/pages\/15797\/revisions"}],"predecessor-version":[{"id":15803,"href":"https:\/\/www.mikroelektronika.net\/sr\/wp-json\/wp\/v2\/pages\/15797\/revisions\/15803"}],"wp:attachment":[{"href":"https:\/\/www.mikroelektronika.net\/sr\/wp-json\/wp\/v2\/media?parent=15797"}],"curies":[{"name":"wp","href":"https:\/\/api.w.org\/{rel}","templated":true}]}}